{"id":3222,"date":"2018-07-14T11:04:37","date_gmt":"2018-07-14T10:04:37","guid":{"rendered":"https:\/\/navty.com\/product\/p1-straight-cord-usb\/"},"modified":"2020-08-20T11:05:57","modified_gmt":"2020-08-20T10:05:57","slug":"p1-straight-cord-usb","status":"publish","type":"product","link":"https:\/\/navty.com\/sv\/produkt\/p1-straight-cord-usb\/","title":{"rendered":"P1 Rak n\u00e4tsladd &#038; USB"},"content":{"rendered":"<p>Den 2m l\u00e5ng rak sladd fungerar med v\u00e5r NAVTY P1 (kompatibel \u00e4ven till Valentine One Gen1, Valentine One Gen2, Escort, Genevo MAX, Uniden vindrutan radardetektorer) och ger en ljus LED-indikator f\u00f6r makt P\u00c5 samt en extra 2A USB-laddning Port.<\/p>\n","protected":false},"excerpt":{"rendered":"<p>+ 2m l\u00e5ng rak &amp; kompakt n\u00e4tsladd<br \/>\n+ extra tunn &amp; flexibel f\u00f6r mer komfort<br \/>\n+ Ing\u00e5ng: 12-24v; USB-laddare 2.1A<br \/>\n+ kompatibel med: Escort, Genevo, Uniden, V1 Gen1, V1 Gen2 radardetektorer<\/p>\n","protected":false},"featured_media":3224,"comment_status":"open","ping_status":"closed","template":"","meta":[],"product_brand":[],"product_cat":[135],"product_tag":[],"class_list":{"0":"post-3222","1":"product","2":"type-product","3":"status-publish","4":"has-post-thumbnail","6":"product_cat-accessories-sv","8":"first","9":"instock","10":"taxable","11":"shipping-taxable","12":"purchasable","13":"product-type-simple"},"_links":{"self":[{"href":"https:\/\/navty.com\/sv\/wp-json\/wp\/v2\/product\/3222","targetHints":{"allow":["GET"]}}],"collection":[{"href":"https:\/\/navty.com\/sv\/wp-json\/wp\/v2\/product"}],"about":[{"href":"https:\/\/navty.com\/sv\/wp-json\/wp\/v2\/types\/product"}],"replies":[{"embeddable":true,"href":"https:\/\/navty.com\/sv\/wp-json\/wp\/v2\/comments?post=3222"}],"wp:featuredmedia":[{"embeddable":true,"href":"https:\/\/navty.com\/sv\/wp-json\/wp\/v2\/media\/3224"}],"wp:attachment":[{"href":"https:\/\/navty.com\/sv\/wp-json\/wp\/v2\/media?parent=3222"}],"wp:term":[{"taxonomy":"product_brand","embeddable":true,"href":"https:\/\/navty.com\/sv\/wp-json\/wp\/v2\/product_brand?post=3222"},{"taxonomy":"product_cat","embeddable":true,"href":"https:\/\/navty.com\/sv\/wp-json\/wp\/v2\/product_cat?post=3222"},{"taxonomy":"product_tag","embeddable":true,"href":"https:\/\/navty.com\/sv\/wp-json\/wp\/v2\/product_tag?post=3222"}],"curies":[{"name":"wp","href":"https:\/\/api.w.org\/{rel}","templated":true}]}}