{"id":3202,"date":"2020-07-14T13:51:50","date_gmt":"2020-07-14T12:51:50","guid":{"rendered":"https:\/\/navty.com\/product\/p1-windshield-bracket\/"},"modified":"2020-08-20T11:06:56","modified_gmt":"2020-08-20T10:06:56","slug":"p1-windshield-bracket","status":"publish","type":"product","link":"https:\/\/navty.com\/sv\/produkt\/p1-windshield-bracket\/","title":{"rendered":"P1 Vindrutef\u00e4ste"},"content":{"rendered":"<p>NAVTY &#8221;P1 Twin Cup Mount&#8221; inneh\u00e5ller tv\u00e5 svarta sugkoppar och ett svart metallf\u00e4ste som sk\u00e4rs in i en l\u00e5sflikplats i NAVTY P1 L\u00e5smekanismen frig\u00f6rs eller f\u00f6rankras med tryck p\u00e5 knappen &#8221;release&#8221; ovanp\u00e5 P1, vilket g\u00f6r det enkelt att ta bort.<\/p>\n<p>&nbsp;<\/p>\n","protected":false},"excerpt":{"rendered":"<p>+ P1 Twin Cup Mount<br \/>\n+ svart metall f\u00e4ste<br \/>\n+ tv\u00e5 svarta sugkoppar<\/p>\n","protected":false},"featured_media":3203,"comment_status":"open","ping_status":"closed","template":"","meta":[],"product_brand":[],"product_cat":[135],"product_tag":[],"class_list":{"0":"post-3202","1":"product","2":"type-product","3":"status-publish","4":"has-post-thumbnail","6":"product_cat-accessories-sv","8":"first","9":"instock","10":"taxable","11":"shipping-taxable","12":"purchasable","13":"product-type-simple"},"_links":{"self":[{"href":"https:\/\/navty.com\/sv\/wp-json\/wp\/v2\/product\/3202","targetHints":{"allow":["GET"]}}],"collection":[{"href":"https:\/\/navty.com\/sv\/wp-json\/wp\/v2\/product"}],"about":[{"href":"https:\/\/navty.com\/sv\/wp-json\/wp\/v2\/types\/product"}],"replies":[{"embeddable":true,"href":"https:\/\/navty.com\/sv\/wp-json\/wp\/v2\/comments?post=3202"}],"wp:featuredmedia":[{"embeddable":true,"href":"https:\/\/navty.com\/sv\/wp-json\/wp\/v2\/media\/3203"}],"wp:attachment":[{"href":"https:\/\/navty.com\/sv\/wp-json\/wp\/v2\/media?parent=3202"}],"wp:term":[{"taxonomy":"product_brand","embeddable":true,"href":"https:\/\/navty.com\/sv\/wp-json\/wp\/v2\/product_brand?post=3202"},{"taxonomy":"product_cat","embeddable":true,"href":"https:\/\/navty.com\/sv\/wp-json\/wp\/v2\/product_cat?post=3202"},{"taxonomy":"product_tag","embeddable":true,"href":"https:\/\/navty.com\/sv\/wp-json\/wp\/v2\/product_tag?post=3202"}],"curies":[{"name":"wp","href":"https:\/\/api.w.org\/{rel}","templated":true}]}}