{"id":3200,"date":"2020-07-14T17:43:51","date_gmt":"2020-07-14T16:43:51","guid":{"rendered":"https:\/\/navty.com\/product\/p1-direct-wire-kit\/"},"modified":"2020-08-20T11:09:33","modified_gmt":"2020-08-20T10:09:33","slug":"p1-direct-wire-kit","status":"publish","type":"product","link":"https:\/\/navty.com\/sv\/produkt\/p1-direct-wire-kit\/","title":{"rendered":"P1-installationssladdsats"},"content":{"rendered":"<p><strong>P1-installationssladdsats<\/strong> undviker behovet av att anv\u00e4nda ett cigarett\u00e4ndareuttag eller 12v tillbeh\u00f6rsuttag. Extra tunn sladd f\u00f6r en extra enkel och snabb installation. L\u00e4tt utbytbar fordonss\u00e4kring f\u00f6r extra s\u00e4kerhet finns ombord.<\/p>\n","protected":false},"excerpt":{"rendered":"<p>+ H\u00f6gkvalitativa kontakter f\u00f6r \u00e5r av anv\u00e4ndning<br \/>\n+ L\u00e4tt utbytbar Automotive s\u00e4kring<br \/>\n+ Kompatibel med Beltronics, Escort, Genevo, Uniden &amp; V1 RadarDetektorer (RJ11)<\/p>\n","protected":false},"featured_media":3201,"comment_status":"open","ping_status":"closed","template":"","meta":[],"product_brand":[],"product_cat":[135],"product_tag":[],"class_list":{"0":"post-3200","1":"product","2":"type-product","3":"status-publish","4":"has-post-thumbnail","6":"product_cat-accessories-sv","8":"first","9":"instock","10":"taxable","11":"shipping-taxable","12":"purchasable","13":"product-type-simple"},"_links":{"self":[{"href":"https:\/\/navty.com\/sv\/wp-json\/wp\/v2\/product\/3200","targetHints":{"allow":["GET"]}}],"collection":[{"href":"https:\/\/navty.com\/sv\/wp-json\/wp\/v2\/product"}],"about":[{"href":"https:\/\/navty.com\/sv\/wp-json\/wp\/v2\/types\/product"}],"replies":[{"embeddable":true,"href":"https:\/\/navty.com\/sv\/wp-json\/wp\/v2\/comments?post=3200"}],"wp:featuredmedia":[{"embeddable":true,"href":"https:\/\/navty.com\/sv\/wp-json\/wp\/v2\/media\/3201"}],"wp:attachment":[{"href":"https:\/\/navty.com\/sv\/wp-json\/wp\/v2\/media?parent=3200"}],"wp:term":[{"taxonomy":"product_brand","embeddable":true,"href":"https:\/\/navty.com\/sv\/wp-json\/wp\/v2\/product_brand?post=3200"},{"taxonomy":"product_cat","embeddable":true,"href":"https:\/\/navty.com\/sv\/wp-json\/wp\/v2\/product_cat?post=3200"},{"taxonomy":"product_tag","embeddable":true,"href":"https:\/\/navty.com\/sv\/wp-json\/wp\/v2\/product_tag?post=3200"}],"curies":[{"name":"wp","href":"https:\/\/api.w.org\/{rel}","templated":true}]}}