{"id":4591,"date":"2021-07-29T11:13:15","date_gmt":"2021-07-29T10:13:15","guid":{"rendered":"https:\/\/navty.com\/affiliate-dashbord\/"},"modified":"2021-07-29T11:14:09","modified_gmt":"2021-07-29T10:14:09","slug":"affiliate-dashbord","status":"publish","type":"page","link":"https:\/\/navty.com\/sv\/affiliate-dashbord\/","title":{"rendered":"Affiliate Dashbord"},"content":{"rendered":"\n<div class=\"yith-wcaf yith-wcaf-registration-form woocommerce\">\n\n\t\n\t\n\t\t\n\t\t\n\t\t\n\n\t\t<h2>Registrera dig f\u00f6r affiliateprogrammet<\/h2>\n\n\t\t<form method=\"post\" class=\"register\">\n\n\t\t\t\n\t\t\t\n\t\t\t\n\t\t\t\t\n\t\t\t\t<p class=\"form-row form-row-wide\">\n\t\t\t\t\t<label for=\"reg_first_name\">F\u00f6rnamn<\/label>\n\t\t\t\t\t<input type=\"text\" class=\"input-text\" name=\"first_name\" id=\"reg_first_name\" value=\"\"\/>\n\t\t\t\t<\/p>\n\n\t\t\t\n\t\t\t\n\t\t\t\t\n\t\t\t\t<p class=\"form-row form-row-wide\">\n\t\t\t\t\t<label for=\"reg_last_name\">Efternamn<\/label>\n\t\t\t\t\t<input type=\"text\" class=\"input-text\" name=\"last_name\" id=\"reg_last_name\" value=\"\"\/>\n\t\t\t\t<\/p>\n\n\t\t\t\n\t\t\t\n\t\t\t<p class=\"form-row form-row-wide\">\n\t\t\t\t<label for=\"reg_email\">E-postadress\t\t\t\t\t<span class=\"required\">*<\/span><\/label>\n\t\t\t\t<input type=\"email\" class=\"input-text\" name=\"email\" id=\"reg_email\" value=\"\"\/>\n\t\t\t<\/p>\n\n\t\t\t\n\t\t\t\t<p class=\"form-row form-row-wide\">\n\t\t\t\t\t<label for=\"reg_password\">L\u00f6senord\t\t\t\t\t\t<span class=\"required\">*<\/span><\/label>\n\t\t\t\t\t<input type=\"password\" class=\"input-text\" name=\"password\" id=\"reg_password\"\/>\n\t\t\t\t<\/p>\n\n\t\t\t\n\t\t\t\t\t\t\t<p class=\"form-row form-row-wide\">\n\t\t\t\t\t<label for=\"payment_email\">E-postadress f\u00f6r betalning\t\t\t\t\t\t<span class=\"required\">*<\/span><\/label>\n\t\t\t\t\t<input type=\"email\" class=\"input-text\" name=\"payment_email\" id=\"payment_email\" value=\"\"\/>\n\t\t\t\t<\/p>\n\t\t\t\n\t\t\t\n\t\t\t\t\n\t\t\t\t<p class=\"form-row form-row-wide\">\n\t\t\t\t\t<label for=\"website\">Webbplats <span class=\"required\">*<\/span><\/label>\n\t\t\t\t\t<input type=\"url\" class=\"input-text\" name=\"website\" id=\"website\" value=\"\"\/>\n\t\t\t\t<\/p>\n\n\t\t\t\n\t\t\t\n\t\t\t\t\n\t\t\t\t<p class=\"form-row form-row-wide\">\n\t\t\t\t\t<label for=\"how_promote\">Hur kommer du att marknadsf\u00f6ra v\u00e5r webbplats? <span class=\"required\">*<\/span><\/label>\n\t\t\t\t\t<select name=\"how_promote\" id=\"how_promote\">\n\t\t\t\t\t\t\t\t\t\t\t\t\t\t<option value=\"website\" >Website \/ Blog<\/option>\n\t\t\t\t\t\t\t\t\t\t\t\t\t\t\t\t<option value=\"newsletter\" >Newsletter \/ Mail Marketing<\/option>\n\t\t\t\t\t\t\t\t\t\t\t\t\t\t\t\t<option value=\"socials\" >Social media<\/option>\n\t\t\t\t\t\t\t\t\t\t\t\t\t\t\t\t<option value=\"others\" >Others<\/option>\n\t\t\t\t\t\t\t\t\t\t\t\t\t<\/select>\n\t\t\t\t<\/p>\n\n\t\t\t\t\n\t\t\t\t<p class=\"form-row form-row-wide\">\n\t\t\t\t\t<label for=\"custom_promote\">Specify how will you promote our site <span class=\"required\">*<\/span><\/label>\n\t\t\t\t\t<textarea name=\"custom_promote\" id=\"custom_promote\"><\/textarea>\n\t\t\t\t<\/p>\n\t\t\t\n\t\t\t\n\t\t\t<!-- Spam Trap -->\n\t\t\t<div style=\"left: -999em; position: absolute;\">\n\t\t\t\t<label for=\"trap\">Anti-spam<\/label><input type=\"text\" name=\"email_2\" id=\"trap\" tabindex=\"-1\"\/>\n\t\t\t<\/div>\n\n\t\t\t\t\t\t<wc-order-attribution-inputs><\/wc-order-attribution-inputs><div class=\"woocommerce-privacy-policy-text\"><p>Dina personuppgifter kommer att anv\u00e4ndas f\u00f6r att st\u00f6dja din upplevelse p\u00e5 denna webbplats, f\u00f6r att hantera tillg\u00e5ngen till ditt konto och f\u00f6r andra \u00e4ndam\u00e5l som beskrivs i v\u00e5r <a href=\"https:\/\/navty.com\/privacy\/\" class=\"woocommerce-privacy-policy-link\" target=\"_blank\">integritetspolicy<\/a>.<\/p>\n<\/div>\n\t\t\t<p class=\"form-row\">\n\t\t\t\t<input type=\"hidden\" id=\"woocommerce-register-nonce\" name=\"woocommerce-register-nonce\" value=\"bba33ded13\" \/><input type=\"hidden\" name=\"_wp_http_referer\" value=\"\/sv\/wp-json\/wp\/v2\/pages\/4591\" \/>\t\t\t\t<input type=\"hidden\" id=\"register_affiliate\" name=\"register_affiliate\" value=\"9ce08ce3f4\" \/>\n\t\t\t\t<input type=\"submit\" class=\"button\" name=\"register\" value=\"Registrera dig f\u00f6r affiliateprogrammet\"\/>\n\t\t\t<\/p>\n\n\t\t\t\n\t\t<\/form>\n\n\t\t\n\t\t\n\t\t\n<\/div>\n\n","protected":false},"excerpt":{"rendered":"","protected":false},"author":2,"featured_media":0,"parent":0,"menu_order":0,"comment_status":"closed","ping_status":"closed","template":"","meta":{"footnotes":""},"class_list":["post-4591","page","type-page","status-publish","hentry"],"_links":{"self":[{"href":"https:\/\/navty.com\/sv\/wp-json\/wp\/v2\/pages\/4591","targetHints":{"allow":["GET"]}}],"collection":[{"href":"https:\/\/navty.com\/sv\/wp-json\/wp\/v2\/pages"}],"about":[{"href":"https:\/\/navty.com\/sv\/wp-json\/wp\/v2\/types\/page"}],"author":[{"embeddable":true,"href":"https:\/\/navty.com\/sv\/wp-json\/wp\/v2\/users\/2"}],"replies":[{"embeddable":true,"href":"https:\/\/navty.com\/sv\/wp-json\/wp\/v2\/comments?post=4591"}],"version-history":[{"count":1,"href":"https:\/\/navty.com\/sv\/wp-json\/wp\/v2\/pages\/4591\/revisions"}],"predecessor-version":[{"id":4603,"href":"https:\/\/navty.com\/sv\/wp-json\/wp\/v2\/pages\/4591\/revisions\/4603"}],"wp:attachment":[{"href":"https:\/\/navty.com\/sv\/wp-json\/wp\/v2\/media?parent=4591"}],"curies":[{"name":"wp","href":"https:\/\/api.w.org\/{rel}","templated":true}]}}