{"id":4388,"date":"2020-08-14T15:05:04","date_gmt":"2020-08-14T14:05:04","guid":{"rendered":"https:\/\/navty.com\/partners\/"},"modified":"2021-07-21T16:25:28","modified_gmt":"2021-07-21T15:25:28","slug":"partners","status":"publish","type":"page","link":"https:\/\/navty.com\/sv\/partners\/","title":{"rendered":"Partners"},"content":{"rendered":"<h1 class=\"rubrik\">V\u00e4lkommen som NAVTY-partner<\/h1>\n<div class=\"rte\">\n<p>N\u00e4r du ansluter dig till NAVTY:s partnerprogram ansluter du dig till ett partnerekosystem som tillsammans g\u00f6r prestanda &amp; s\u00e4kerhetsomvandling verklig \u00f6ver hela v\u00e4rlden. NAVTY Partner Program, som \u00e4r utformat f\u00f6r att vara<span> <\/span><b>Enkel, ligger till grund f\u00f6r branschens mest robusta portf\u00f6lj fr\u00e5n kant till k\u00e4rna. F\u00f6ruts\u00e4gbart. L\u00f6nsam.<\/b><\/p>\n<\/div>\n<p><strong>Res\u00e4ljare &#8211; <\/strong>Om du \u00e4r \u00e5terf\u00f6rs\u00e4ljare v\u00e4nligen <strong><a href=\"..\/reseller\/\">underteckna h\u00e4r<\/a><\/strong>.<\/p>\n<p><strong>Affiliates &#8211; <\/strong>Om du \u00e4r affiliate &#8211; v\u00e4nligen <strong><a href=\"..\/affiliate\/\">underteckna h\u00e4r<\/a><\/strong><\/p>\n","protected":false},"excerpt":{"rendered":"<p>V\u00e4lkommen som NAVTY-partner N\u00e4r du ansluter dig till NAVTY:s partnerprogram ansluter du dig till ett partnerekosystem som tillsammans g\u00f6r prestanda &amp; s\u00e4kerhetsomvandling verklig \u00f6ver hela v\u00e4rlden. NAVTY Partner Program, som \u00e4r utformat f\u00f6r att vara Enkel, ligger till grund f\u00f6r branschens mest robusta portf\u00f6lj fr\u00e5n kant till k\u00e4rna. F\u00f6ruts\u00e4gbart. L\u00f6nsam. [&hellip;]<\/p>\n","protected":false},"author":1,"featured_media":0,"parent":0,"menu_order":0,"comment_status":"closed","ping_status":"closed","template":"","meta":{"footnotes":""},"class_list":["post-4388","page","type-page","status-publish","hentry"],"_links":{"self":[{"href":"https:\/\/navty.com\/sv\/wp-json\/wp\/v2\/pages\/4388","targetHints":{"allow":["GET"]}}],"collection":[{"href":"https:\/\/navty.com\/sv\/wp-json\/wp\/v2\/pages"}],"about":[{"href":"https:\/\/navty.com\/sv\/wp-json\/wp\/v2\/types\/page"}],"author":[{"embeddable":true,"href":"https:\/\/navty.com\/sv\/wp-json\/wp\/v2\/users\/1"}],"replies":[{"embeddable":true,"href":"https:\/\/navty.com\/sv\/wp-json\/wp\/v2\/comments?post=4388"}],"version-history":[{"count":2,"href":"https:\/\/navty.com\/sv\/wp-json\/wp\/v2\/pages\/4388\/revisions"}],"predecessor-version":[{"id":4443,"href":"https:\/\/navty.com\/sv\/wp-json\/wp\/v2\/pages\/4388\/revisions\/4443"}],"wp:attachment":[{"href":"https:\/\/navty.com\/sv\/wp-json\/wp\/v2\/media?parent=4388"}],"curies":[{"name":"wp","href":"https:\/\/api.w.org\/{rel}","templated":true}]}}