{"id":4410,"date":"2020-08-14T15:23:10","date_gmt":"2020-08-14T14:23:10","guid":{"rendered":"https:\/\/navty.com\/reseller\/"},"modified":"2021-07-21T16:11:34","modified_gmt":"2021-07-21T15:11:34","slug":"reseller","status":"publish","type":"page","link":"https:\/\/navty.com\/pl\/reseller\/","title":{"rendered":"Odsprzedawca"},"content":{"rendered":"<h3 class=\"LC20lb DKV0Md\">Do\u0142\u0105cz do naszego programu dla sprzedawc\u00f3w.<\/h3>\n<p><strong>Zosta\u0144 autoryzowanym sprzedawc\u0105 NAVTY<\/strong>, aby otrzyma\u0107 dodatkowe korzy\u015bci, kt\u00f3re pomog\u0105 Ci wyr\u00f3\u017cni\u0107 swoj\u0105 firm\u0119 i wesprze\u0107 rosn\u0105ce zapotrzebowanie Twoich klient\u00f3w.<\/p>\n<p class=\"black\"><strong>Oferowane przez nas korzy\u015bci<\/strong> obejmuj\u0105 ekskluzywn\u0105 pomoc osobist\u0105, szczeg\u00f3\u0142owe instrukcje dotycz\u0105ce korzystania z naszych produkt\u00f3w, us\u0142ug i wiele innych.<\/p>\n<h3><strong>Prosz\u0119 o kontakt w celu uzyskania szczeg\u00f3\u0142owych informacji:<\/strong><\/h3>\n\n<div class=\"wpcf7 no-js\" id=\"wpcf7-f4521-o1\" lang=\"pl-PL\" dir=\"ltr\" data-wpcf7-id=\"4521\">\n<div class=\"screen-reader-response\"><p role=\"status\" aria-live=\"polite\" aria-atomic=\"true\"><\/p> <ul><\/ul><\/div>\n<form action=\"\/pl\/wp-json\/wp\/v2\/pages\/4410#wpcf7-f4521-o1\" method=\"post\" class=\"wpcf7-form init\" aria-label=\"Formularz kontaktowy\" novalidate=\"novalidate\" data-status=\"init\">\n<fieldset class=\"hidden-fields-container\"><input type=\"hidden\" name=\"_wpcf7\" value=\"4521\" \/><input type=\"hidden\" name=\"_wpcf7_version\" value=\"6.1.4\" \/><input type=\"hidden\" name=\"_wpcf7_locale\" value=\"pl_PL\" \/><input type=\"hidden\" name=\"_wpcf7_unit_tag\" value=\"wpcf7-f4521-o1\" \/><input type=\"hidden\" name=\"_wpcf7_container_post\" value=\"0\" \/><input type=\"hidden\" name=\"_wpcf7_posted_data_hash\" value=\"\" \/>\n<\/fieldset>\n<p><label> Twoje imi\u0119 i nazwisko (wymagane)<br \/>\n<span class=\"wpcf7-form-control-wrap\" data-name=\"your-name\"><input size=\"40\" maxlength=\"400\" class=\"wpcf7-form-control wpcf7-text wpcf7-validates-as-required\" aria-required=\"true\" aria-invalid=\"false\" value=\"\" type=\"text\" name=\"your-name\" \/><\/span> <\/label>\n<\/p>\n<p><label> Tw\u00f3j Email (wymagany)<br \/>\n<span class=\"wpcf7-form-control-wrap\" data-name=\"your-email\"><input size=\"40\" maxlength=\"400\" class=\"wpcf7-form-control wpcf7-email wpcf7-validates-as-required wpcf7-text wpcf7-validates-as-email\" aria-required=\"true\" aria-invalid=\"false\" value=\"\" type=\"email\" name=\"your-email\" \/><\/span> <\/label>\n<\/p>\n<p><label> Twoje Pytanie (wymagane)<br \/>\n<span class=\"wpcf7-form-control-wrap\" data-name=\"your-message\"><textarea cols=\"40\" rows=\"10\" maxlength=\"2000\" class=\"wpcf7-form-control wpcf7-textarea wpcf7-validates-as-required\" aria-required=\"true\" aria-invalid=\"false\" name=\"your-message\"><\/textarea><\/span> <\/label>\n<\/p>\n<p><input class=\"wpcf7-form-control wpcf7-submit has-spinner\" type=\"submit\" value=\"Wy\u015blij\" \/>\n<\/p><p style=\"display: none !important;\" class=\"akismet-fields-container\" data-prefix=\"_wpcf7_ak_\"><label>&#916;<textarea name=\"_wpcf7_ak_hp_textarea\" cols=\"45\" rows=\"8\" maxlength=\"100\"><\/textarea><\/label><input type=\"hidden\" id=\"ak_js_1\" name=\"_wpcf7_ak_js\" value=\"108\"\/><script>document.getElementById( \"ak_js_1\" ).setAttribute( \"value\", ( new Date() ).getTime() );<\/script><\/p><div class=\"wpcf7-response-output\" aria-hidden=\"true\"><\/div>\n<\/form>\n<\/div>\n\n","protected":false},"excerpt":{"rendered":"<p>Do\u0142\u0105cz do naszego programu dla sprzedawc\u00f3w. Zosta\u0144 autoryzowanym sprzedawc\u0105 NAVTY, aby otrzyma\u0107 dodatkowe korzy\u015bci, kt\u00f3re pomog\u0105 Ci wyr\u00f3\u017cni\u0107 swoj\u0105 firm\u0119 i wesprze\u0107 rosn\u0105ce zapotrzebowanie Twoich klient\u00f3w. Oferowane przez nas korzy\u015bci obejmuj\u0105 ekskluzywn\u0105 pomoc osobist\u0105, szczeg\u00f3\u0142owe instrukcje dotycz\u0105ce korzystania z naszych produkt\u00f3w, us\u0142ug i wiele innych. Prosz\u0119 o kontakt w celu [&hellip;]<\/p>\n","protected":false},"author":2,"featured_media":0,"parent":0,"menu_order":0,"comment_status":"closed","ping_status":"closed","template":"","meta":{"footnotes":""},"class_list":["post-4410","page","type-page","status-publish","hentry"],"_links":{"self":[{"href":"https:\/\/navty.com\/pl\/wp-json\/wp\/v2\/pages\/4410","targetHints":{"allow":["GET"]}}],"collection":[{"href":"https:\/\/navty.com\/pl\/wp-json\/wp\/v2\/pages"}],"about":[{"href":"https:\/\/navty.com\/pl\/wp-json\/wp\/v2\/types\/page"}],"author":[{"embeddable":true,"href":"https:\/\/navty.com\/pl\/wp-json\/wp\/v2\/users\/2"}],"replies":[{"embeddable":true,"href":"https:\/\/navty.com\/pl\/wp-json\/wp\/v2\/comments?post=4410"}],"version-history":[{"count":2,"href":"https:\/\/navty.com\/pl\/wp-json\/wp\/v2\/pages\/4410\/revisions"}],"predecessor-version":[{"id":4438,"href":"https:\/\/navty.com\/pl\/wp-json\/wp\/v2\/pages\/4410\/revisions\/4438"}],"wp:attachment":[{"href":"https:\/\/navty.com\/pl\/wp-json\/wp\/v2\/media?parent=4410"}],"curies":[{"name":"wp","href":"https:\/\/api.w.org\/{rel}","templated":true}]}}