{"id":4405,"date":"2020-08-14T14:50:45","date_gmt":"2020-08-14T13:50:45","guid":{"rendered":"https:\/\/navty.com\/affiliate\/"},"modified":"2021-07-21T15:30:33","modified_gmt":"2021-07-21T14:30:33","slug":"affiliate","status":"publish","type":"page","link":"https:\/\/navty.com\/pl\/affiliate\/","title":{"rendered":"Afiliant"},"content":{"rendered":"\n<div class=\"yith-wcaf yith-wcaf-registration-form woocommerce\">\n\n\t\n\t\n\t\t\n\t\t\n\t\t\n\n\t\t<h2>Zarejestruj si\u0119 w Programie Partnerskim<\/h2>\n\n\t\t<form method=\"post\" class=\"register\">\n\n\t\t\t\n\t\t\t\n\t\t\t\n\t\t\t\t\n\t\t\t\t<p class=\"form-row form-row-wide\">\n\t\t\t\t\t<label for=\"reg_first_name\">Imi\u0119<\/label>\n\t\t\t\t\t<input type=\"text\" class=\"input-text\" name=\"first_name\" id=\"reg_first_name\" value=\"\"\/>\n\t\t\t\t<\/p>\n\n\t\t\t\n\t\t\t\n\t\t\t\t\n\t\t\t\t<p class=\"form-row form-row-wide\">\n\t\t\t\t\t<label for=\"reg_last_name\">Nazwisko<\/label>\n\t\t\t\t\t<input type=\"text\" class=\"input-text\" name=\"last_name\" id=\"reg_last_name\" value=\"\"\/>\n\t\t\t\t<\/p>\n\n\t\t\t\n\t\t\t\n\t\t\t<p class=\"form-row form-row-wide\">\n\t\t\t\t<label for=\"reg_email\">Adres e-mail\t\t\t\t\t<span class=\"required\">*<\/span><\/label>\n\t\t\t\t<input type=\"email\" class=\"input-text\" name=\"email\" id=\"reg_email\" value=\"\"\/>\n\t\t\t<\/p>\n\n\t\t\t\n\t\t\t\t<p class=\"form-row form-row-wide\">\n\t\t\t\t\t<label for=\"reg_password\">Has\u0142o\t\t\t\t\t\t<span class=\"required\">*<\/span><\/label>\n\t\t\t\t\t<input type=\"password\" class=\"input-text\" name=\"password\" id=\"reg_password\"\/>\n\t\t\t\t<\/p>\n\n\t\t\t\n\t\t\t\t\t\t\t<p class=\"form-row form-row-wide\">\n\t\t\t\t\t<label for=\"payment_email\">Adres e-mail p\u0142atno\u015bci\t\t\t\t\t\t<span class=\"required\">*<\/span><\/label>\n\t\t\t\t\t<input type=\"email\" class=\"input-text\" name=\"payment_email\" id=\"payment_email\" value=\"\"\/>\n\t\t\t\t<\/p>\n\t\t\t\n\t\t\t\n\t\t\t\t\n\t\t\t\t<p class=\"form-row form-row-wide\">\n\t\t\t\t\t<label for=\"website\">Witryna internetowa <span class=\"required\">*<\/span><\/label>\n\t\t\t\t\t<input type=\"url\" class=\"input-text\" name=\"website\" id=\"website\" value=\"\"\/>\n\t\t\t\t<\/p>\n\n\t\t\t\n\t\t\t\n\t\t\t\t\n\t\t\t\t<p class=\"form-row form-row-wide\">\n\t\t\t\t\t<label for=\"how_promote\">Jak b\u0119dziecie promowa\u0107 nasz\u0105 stron\u0119? <span class=\"required\">*<\/span><\/label>\n\t\t\t\t\t<select name=\"how_promote\" id=\"how_promote\">\n\t\t\t\t\t\t\t\t\t\t\t\t\t\t<option value=\"website\" >Website \/ Blog<\/option>\n\t\t\t\t\t\t\t\t\t\t\t\t\t\t\t\t<option value=\"newsletter\" >Newsletter \/ Mail Marketing<\/option>\n\t\t\t\t\t\t\t\t\t\t\t\t\t\t\t\t<option value=\"socials\" >Social media<\/option>\n\t\t\t\t\t\t\t\t\t\t\t\t\t\t\t\t<option value=\"others\" >Others<\/option>\n\t\t\t\t\t\t\t\t\t\t\t\t\t<\/select>\n\t\t\t\t<\/p>\n\n\t\t\t\t\n\t\t\t\t<p class=\"form-row form-row-wide\">\n\t\t\t\t\t<label for=\"custom_promote\">Specify how will you promote our site <span class=\"required\">*<\/span><\/label>\n\t\t\t\t\t<textarea name=\"custom_promote\" id=\"custom_promote\"><\/textarea>\n\t\t\t\t<\/p>\n\t\t\t\n\t\t\t\n\t\t\t<!-- Spam Trap -->\n\t\t\t<div style=\"left: -999em; position: absolute;\">\n\t\t\t\t<label for=\"trap\">Anti-spam<\/label><input type=\"text\" name=\"email_2\" id=\"trap\" tabindex=\"-1\"\/>\n\t\t\t<\/div>\n\n\t\t\t\t\t\t<wc-order-attribution-inputs><\/wc-order-attribution-inputs><div class=\"woocommerce-privacy-policy-text\"><p>Pa\u0144stwa dane osobowe b\u0119d\u0105 wykorzystywane do wspierania Pa\u0144stwa do\u015bwiadcze\u0144 na tej stronie, do zarz\u0105dzania dost\u0119pem do Pa\u0144stwa konta oraz do innych cel\u00f3w opisanych w naszym <a href=\"https:\/\/navty.com\/privacy\/\" class=\"woocommerce-privacy-policy-link\" target=\"_blank\">polityka prywatno\u015bci<\/a>.<\/p>\n<\/div>\n\t\t\t<p class=\"form-row\">\n\t\t\t\t<input type=\"hidden\" id=\"woocommerce-register-nonce\" name=\"woocommerce-register-nonce\" value=\"aa44a014a4\" \/><input type=\"hidden\" name=\"_wp_http_referer\" value=\"\/pl\/wp-json\/wp\/v2\/pages\/4405\" \/>\t\t\t\t<input type=\"hidden\" id=\"register_affiliate\" name=\"register_affiliate\" value=\"a5678019ff\" \/>\n\t\t\t\t<input type=\"submit\" class=\"button\" name=\"register\" value=\"Zarejestruj si\u0119 w Programie Partnerskim\"\/>\n\t\t\t<\/p>\n\n\t\t\t\n\t\t<\/form>\n\n\t\t\n\t\t\n\t\t\n<\/div>\n\n","protected":false},"excerpt":{"rendered":"","protected":false},"author":1,"featured_media":0,"parent":0,"menu_order":0,"comment_status":"closed","ping_status":"closed","template":"","meta":{"footnotes":""},"class_list":["post-4405","page","type-page","status-publish","hentry"],"_links":{"self":[{"href":"https:\/\/navty.com\/pl\/wp-json\/wp\/v2\/pages\/4405","targetHints":{"allow":["GET"]}}],"collection":[{"href":"https:\/\/navty.com\/pl\/wp-json\/wp\/v2\/pages"}],"about":[{"href":"https:\/\/navty.com\/pl\/wp-json\/wp\/v2\/types\/page"}],"author":[{"embeddable":true,"href":"https:\/\/navty.com\/pl\/wp-json\/wp\/v2\/users\/1"}],"replies":[{"embeddable":true,"href":"https:\/\/navty.com\/pl\/wp-json\/wp\/v2\/comments?post=4405"}],"version-history":[{"count":1,"href":"https:\/\/navty.com\/pl\/wp-json\/wp\/v2\/pages\/4405\/revisions"}],"predecessor-version":[{"id":4428,"href":"https:\/\/navty.com\/pl\/wp-json\/wp\/v2\/pages\/4405\/revisions\/4428"}],"wp:attachment":[{"href":"https:\/\/navty.com\/pl\/wp-json\/wp\/v2\/media?parent=4405"}],"curies":[{"name":"wp","href":"https:\/\/api.w.org\/{rel}","templated":true}]}}