{"id":3477,"date":"2020-07-02T13:50:24","date_gmt":"2020-07-02T12:50:24","guid":{"rendered":"https:\/\/navty.com\/amazon-navty-p1-text\/"},"modified":"2020-07-02T13:50:24","modified_gmt":"2020-07-02T12:50:24","slug":"amazon-navty-p1-text","status":"publish","type":"page","link":"https:\/\/navty.com\/nz\/amazon-navty-p1-text\/","title":{"rendered":"Amazon &#8211; NAVTY P1 Text"},"content":{"rendered":"<section class=\"hestia-features aos-animate\" id=\"features\" data-sorder=\"hestia_features\">\n<div class=\"container\">\n<div class=\"row\">\n<div class=\"col-md-8 col-md-offset-2 hestia-features-title-area\">\n<h2 class=\"hestia-title\"><img loading=\"lazy\" decoding=\"async\" src=\"https:\/\/navty.com\/wp-content\/uploads\/2020\/07\/transparent_navty-e1593690915300.png\" alt=\"NAVTY\" width=\"507\" height=\"148\" class=\"wp-image-2991 size-full aligncenter\" srcset=\"https:\/\/navty.com\/wp-content\/uploads\/2020\/07\/transparent_navty-e1593690915300.png 507w, https:\/\/navty.com\/wp-content\/uploads\/2020\/07\/transparent_navty-e1593690915300-300x88.png 300w\" sizes=\"auto, (max-width: 507px) 100vw, 507px\" \/><\/h2>\n<h2 class=\"hestia-title\">Warum NAVTY P1<\/h2>\n<h5 class=\"description\">Mit dem NAVTY P1 f\u00e4hrst du sicherer und kennst dein Fahrzeug mit der automatischen Performance Messung sowie weiterer Sicherheitsfeatures besser kennen! Genie\u00dfe die Stra\u00dfen sicherer und mit noch mehr Freude.<\/h5>\n<h5 class=\"description\">Intuitiver Bedienkomfort &amp; Kompakte Gr\u00f6\u00dfe und kompromisslose Zuverl\u00e4ssigkeit stand bei der Entwicklung unseres P1 an erster Stelle.<\/h5>\n<\/div>\n<\/div>\n<div class=\"hestia-features-content\">\n<div class=\"row aos-init aos-animate\" data-aos=\"fade-up\">\n<h4 class=\"info-title\"><\/h4>\n<div class=\"col-xs-12 col-md-4 feature-box\">\n<div class=\"hestia-info\">\n<p><img loading=\"lazy\" decoding=\"async\" src=\"https:\/\/navty.com\/wp-content\/uploads\/2020\/07\/navtyp1-car-300x211.png\" alt=\"\" width=\"300\" height=\"211\" class=\"alignleft wp-image-2993 size-medium\" srcset=\"https:\/\/navty.com\/wp-content\/uploads\/2020\/07\/navtyp1-car-300x211.png 300w, https:\/\/navty.com\/wp-content\/uploads\/2020\/07\/navtyp1-car-600x422.png 600w, https:\/\/navty.com\/wp-content\/uploads\/2020\/07\/navtyp1-car-1024x719.png 1024w, https:\/\/navty.com\/wp-content\/uploads\/2020\/07\/navtyp1-car-768x540.png 768w, https:\/\/navty.com\/wp-content\/uploads\/2020\/07\/navtyp1-car-1536x1079.png 1536w, https:\/\/navty.com\/wp-content\/uploads\/2020\/07\/navtyp1-car.png 1920w\" sizes=\"auto, (max-width: 300px) 100vw, 300px\" \/><strong><span style=\"font-family: 'Roboto Slab', 'Times New Roman', serif; font-size: 27px; font-weight: bold;\">Performance Tracking<\/span><\/strong><\/p>\n<p><strong>Geschwindigkeit &amp; Performance Messung<\/strong> &#8211; exakte Beschleunigung 0-100 \/ 0-200 \/ 0-300 km\/h und Geschwindigkeit Messung mittels GPS Technologie.<\/p>\n<p>Jederzeit, \u00fcberall und vollautomatisch.<\/p>\n<p>&nbsp;<\/p>\n<div class=\"row aos-init aos-animate\" data-aos=\"fade-up\">\n<div class=\"col-xs-12 col-md-4 feature-box\">\n<div class=\"hestia-info\">\n<p>&nbsp;<\/p>\n<\/div>\n<\/div>\n<p><img loading=\"lazy\" decoding=\"async\" src=\"https:\/\/navty.com\/wp-content\/uploads\/2020\/07\/NAVTY-P1-Display-Control-tempolimit-80-blue-300x300.png\" alt=\"\" width=\"300\" height=\"300\" class=\"wp-image-2992 size-medium alignright\" srcset=\"https:\/\/navty.com\/wp-content\/uploads\/2020\/07\/NAVTY-P1-Display-Control-tempolimit-80-blue-300x300.png 300w, https:\/\/navty.com\/wp-content\/uploads\/2020\/07\/NAVTY-P1-Display-Control-tempolimit-80-blue-230x230.png 230w, https:\/\/navty.com\/wp-content\/uploads\/2020\/07\/NAVTY-P1-Display-Control-tempolimit-80-blue-160x160.png 160w, https:\/\/navty.com\/wp-content\/uploads\/2020\/07\/NAVTY-P1-Display-Control-tempolimit-80-blue-600x599.png 600w, https:\/\/navty.com\/wp-content\/uploads\/2020\/07\/NAVTY-P1-Display-Control-tempolimit-80-blue-1024x1024.png 1024w, https:\/\/navty.com\/wp-content\/uploads\/2020\/07\/NAVTY-P1-Display-Control-tempolimit-80-blue-150x150.png 150w, https:\/\/navty.com\/wp-content\/uploads\/2020\/07\/NAVTY-P1-Display-Control-tempolimit-80-blue-768x767.png 768w, https:\/\/navty.com\/wp-content\/uploads\/2020\/07\/NAVTY-P1-Display-Control-tempolimit-80-blue-1536x1534.png 1536w, https:\/\/navty.com\/wp-content\/uploads\/2020\/07\/NAVTY-P1-Display-Control-tempolimit-80-blue-460x460.png 460w, https:\/\/navty.com\/wp-content\/uploads\/2020\/07\/NAVTY-P1-Display-Control-tempolimit-80-blue.png 1680w\" sizes=\"auto, (max-width: 300px) 100vw, 300px\" \/><span style=\"font-family: 'Roboto Slab', 'Times New Roman', serif; font-size: 27px; font-weight: bold;\">Sicherheitsfeatures<\/span><\/p>\n<div class=\"col-xs-12 col-md-4 feature-box\">\n<div class=\"hestia-info\">\n<p><strong>Genie\u00dfe unsere Sicherheitsfunktionen mit unserer kostenlosen NAVTY P1R Firmware*<\/strong><\/p>\n<p>Erh\u00f6hte Sicherheit durch geschwindigkeitsabh\u00e4ngige Warnungen f\u00fcr ganz Europa:<\/p>\n<ul>\n<li>Warnung pers\u00f6nlicher Gefahrenstellen<\/li>\n<li>Gefahrenstellen mit Tempolimit<\/li>\n<li>Section Control (Steckenabschnittskontrollen)<\/li>\n<li>Gef\u00e4hrliche Kreuzungen<\/li>\n<li>Gefahrenstellen mit \u00dcberwachung<\/li>\n<li>Echtzeit 360\u00b0 Radarwarnung\u00a0 (K, KA, X Band, MRCD; MRCT; GATSO RT3, GATSO RT4)<\/li>\n<li>Echtzeit 360\u00b0 Laserkontrollen Warnung (Warnung nur bei Sichtkontakt)<\/li>\n<li>zus\u00e4tzlich intelligente Warnung bei \u00fcberschreiten des Tempolimits auf Gefahrenstellen<\/li>\n<li>Einsteiger &amp; Profi Modus mit zus\u00e4tzlichen Anzeigeeinstellungen, wie exakte Frequenzanzeige<\/li>\n<li>Marktf\u00fchrende Filterung gegen Fehlalarme im krittischen K Band wie Totwinkel Assistenten (Blindspot Radar) oder Verkehrsfluss Messungen<\/li>\n<li>Einfache Updates via USB Stick\n<p>*Bitte beachte: nicht in allen L\u00e4ndern wie z. B. Deutschland und Schweiz sind P1R Funktionen erlaubt sind und hier nur die Performance Tracking Firmware erlaubt ist, daher kann die P1R Firmware vom Nutzer separat (kostenfrei) aktiviert werden.<\/li>\n<\/ul>\n<\/div>\n<\/div>\n<div class=\"col-xs-12 col-md-4 feature-box\">\n<div class=\"hestia-info\">\n<div class=\"icon\"><\/div>\n<h4 class=\"info-title\">Support<\/h4>\n<p>NAVTY Firmware &amp; Datenbank Updates sind per USB Stick kinderleicht und nat\u00fcrlich lebenslang gratis sowie Betriebssystem unabh\u00e4ngig &#8211; kompatibel zu WIN\/MacOS\/Linux &#8211; und falls du mal Hilfe brauchst k\u00f6nnen wir dir bei den richtigen Einstellungsdaten sofort weiterhelfen!<\/p>\n<\/div>\n<\/div>\n<\/div>\n<\/div>\n<\/div>\n<\/div>\n<\/div>\n<\/div>\n<\/section>\n<section class=\"hestia-pricing pricing section-gray \" id=\"pricing\" data-sorder=\"hestia_pricing\">\n<div class=\"container\">\n<div class=\"row\">\n<div class=\"col-md-4 col-lg-4 hestia-pricing-title-area\">\n<h2 class=\"hestia-title\">W\u00e4hle Dein Modell<\/h2>\n<\/div>\n<div class=\"col-md-8 col-lg-7 col-lg-offset-1\">\n<div class=\"row\">\n<div class=\"col-ms-6 col-sm-6 hestia-table-one aos-init aos-animate\" data-aos=\"fade-up\">\n<div class=\"card card-pricing card-raised\">\n<div class=\"content\">\n<h6 class=\"category\">PREMIUM EDITION<\/h6>\n<h3 class=\"card-title\"><small>\u20ac<\/small><span>\u00a0<\/span>749<\/h3>\n<ul>\n<li><small>inklusive Mehrwertsteuer<\/small><\/li>\n<li><b>Compass, Geschwindigkeit, Beschleunigung<\/b><span>\u00a0<\/span>&#8211; Messung mittels GPS<\/li>\n<li><b>0-100 \/ 0-60<\/b><span>\u00a0<\/span>km\/h \/ mph Messung<\/li>\n<li><b>0-200 \/ 0-120<\/b><span>\u00a0<\/span>km\/h \/ mph Messung<\/li>\n<li><b>0-300 \/ 0-180<\/b><span>\u00a0<\/span>km\/h \/ mph Messung<\/li>\n<li><b>P1R<span>\u00a0<\/span><\/b>optional kostenlose Firmware mit Echtzeit Radar- und Lasererkennung<\/li>\n<li><b>Lebenslanger<\/b><span>\u00a0<\/span>kostenloser Blitzerdatenbank Zugang<\/li>\n<li><b>Lebenslanger<\/b><span>\u00a0<\/span>Service &amp; Support<\/li>\n<li><b>4 Jahre<\/b><span>\u00a0<\/span>Garantie<\/li>\n<\/ul>\n<p><a href=\"https:\/\/navty.com\/de\/produkt\/navty-p1\/\" class=\"btn btn-primary\">JETZT KAUFEN<\/a><\/p>\n<\/div>\n<\/div>\n<\/div>\n<div class=\"col-ms-6 col-sm-6 hestia-table-two aos-init aos-animate\" data-aos=\"fade-left\">\n<div class=\"card card-pricing card-plain\">\n<div class=\"content\">\n<h6 class=\"category\">LIFETIME EDITION<\/h6>\n<h3 class=\"card-title\"><small>\u20ac<\/small>649<\/h3>\n<ul>\n<li><small>inklusive Mehrwertsteuer<\/small><\/li>\n<li><b>Kompass, Geschwindigkeit, Beschleunigung<\/b>&#8211; Messung mittels GPS<\/li>\n<li><b>0-100 \/ 0-60<\/b>km\/h \/ mph Messung<\/li>\n<li><b>0-200 \/ 0-120<\/b>km\/h \/ mph Messung<\/li>\n<li><b>0-300 \/ 0-180<\/b>km\/h \/ mph Messung<\/li>\n<li><b>P1R<\/b>optional kostenlose Firmware mit Echtzeit Radar- und Lasererkennung<\/li>\n<li><b>Lebenslanger<\/b>kostenloser Blitzerdatenbank Zugang<\/li>\n<li><b>2 Jahre<\/b>Service &amp; Support<\/li>\n<li><b>2 Jahre<\/b>Garantie<\/li>\n<\/ul>\n<\/div>\n<\/div>\n<\/div>\n<\/div>\n<\/div>\n<\/div>\n<\/div>\n<\/section>\n","protected":false},"excerpt":{"rendered":"<p>Warum NAVTY P1 Mit dem NAVTY P1 f\u00e4hrst du sicherer und kennst dein Fahrzeug mit der automatischen Performance Messung sowie weiterer Sicherheitsfeatures besser kennen! Genie\u00dfe die Stra\u00dfen sicherer und mit noch mehr Freude. Intuitiver Bedienkomfort &amp; Kompakte Gr\u00f6\u00dfe und kompromisslose Zuverl\u00e4ssigkeit stand bei der Entwicklung unseres P1 an erster Stelle. [&hellip;]<\/p>\n","protected":false},"author":1,"featured_media":0,"parent":0,"menu_order":0,"comment_status":"closed","ping_status":"closed","template":"","meta":{"footnotes":""},"class_list":["post-3477","page","type-page","status-publish","hentry"],"_links":{"self":[{"href":"https:\/\/navty.com\/nz\/wp-json\/wp\/v2\/pages\/3477","targetHints":{"allow":["GET"]}}],"collection":[{"href":"https:\/\/navty.com\/nz\/wp-json\/wp\/v2\/pages"}],"about":[{"href":"https:\/\/navty.com\/nz\/wp-json\/wp\/v2\/types\/page"}],"author":[{"embeddable":true,"href":"https:\/\/navty.com\/nz\/wp-json\/wp\/v2\/users\/1"}],"replies":[{"embeddable":true,"href":"https:\/\/navty.com\/nz\/wp-json\/wp\/v2\/comments?post=3477"}],"version-history":[{"count":0,"href":"https:\/\/navty.com\/nz\/wp-json\/wp\/v2\/pages\/3477\/revisions"}],"wp:attachment":[{"href":"https:\/\/navty.com\/nz\/wp-json\/wp\/v2\/media?parent=3477"}],"curies":[{"name":"wp","href":"https:\/\/api.w.org\/{rel}","templated":true}]}}