{"id":3148,"date":"2020-07-14T17:43:51","date_gmt":"2020-07-14T16:43:51","guid":{"rendered":"https:\/\/navty.com\/product\/p1-kit-de-cables-dinstallation\/"},"modified":"2020-07-14T17:43:51","modified_gmt":"2020-07-14T16:43:51","slug":"p1-kit-de-cables-dinstallation","status":"publish","type":"product","link":"https:\/\/navty.com\/fr\/produit\/p1-kit-de-cables-dinstallation\/","title":{"rendered":"P1 Kit de c\u00e2bles d&rsquo;installation"},"content":{"rendered":"<p><strong>Le kit de cordon P1<\/strong> \u00e9vite d&rsquo;avoir \u00e0 utiliser une prise de courant pour l&rsquo;allume-cigare ou une prise accessoire de 12 V. Cordon extra fin pour une installation plus facile et plus rapide. Fusible automobile facilement rempla\u00e7able pour plus de s\u00e9curit\u00e9 \u00e0 bord.<\/p>\n","protected":false},"excerpt":{"rendered":"<p>+ Des connecteurs de haute qualit\u00e9 pour des ann\u00e9es d&rsquo;utilisation<br \/>\n+ Fusible automobile facilement rempla\u00e7able<br \/>\n+ Compatible avec les d\u00e9tecteurs de radar Beltronics, Escort, Genevo, Uniden et V1 (RJ11)<\/p>\n","protected":false},"featured_media":3103,"comment_status":"open","ping_status":"closed","template":"","meta":[],"product_brand":[],"product_cat":[110],"product_tag":[],"class_list":{"0":"post-3148","1":"product","2":"type-product","3":"status-publish","4":"has-post-thumbnail","6":"product_cat-accessories-fr","8":"first","9":"instock","10":"taxable","11":"shipping-taxable","12":"purchasable","13":"product-type-simple"},"_links":{"self":[{"href":"https:\/\/navty.com\/fr\/wp-json\/wp\/v2\/product\/3148","targetHints":{"allow":["GET"]}}],"collection":[{"href":"https:\/\/navty.com\/fr\/wp-json\/wp\/v2\/product"}],"about":[{"href":"https:\/\/navty.com\/fr\/wp-json\/wp\/v2\/types\/product"}],"replies":[{"embeddable":true,"href":"https:\/\/navty.com\/fr\/wp-json\/wp\/v2\/comments?post=3148"}],"wp:featuredmedia":[{"embeddable":true,"href":"https:\/\/navty.com\/fr\/wp-json\/wp\/v2\/media\/3103"}],"wp:attachment":[{"href":"https:\/\/navty.com\/fr\/wp-json\/wp\/v2\/media?parent=3148"}],"wp:term":[{"taxonomy":"product_brand","embeddable":true,"href":"https:\/\/navty.com\/fr\/wp-json\/wp\/v2\/product_brand?post=3148"},{"taxonomy":"product_cat","embeddable":true,"href":"https:\/\/navty.com\/fr\/wp-json\/wp\/v2\/product_cat?post=3148"},{"taxonomy":"product_tag","embeddable":true,"href":"https:\/\/navty.com\/fr\/wp-json\/wp\/v2\/product_tag?post=3148"}],"curies":[{"name":"wp","href":"https:\/\/api.w.org\/{rel}","templated":true}]}}