{"id":2725,"date":"2019-09-11T19:31:28","date_gmt":"2019-09-11T18:31:28","guid":{"rendered":"https:\/\/navty.com\/soutien-2\/"},"modified":"2021-11-02T16:42:58","modified_gmt":"2021-11-02T15:42:58","slug":"soutien","status":"publish","type":"page","link":"https:\/\/navty.com\/fr\/soutien\/","title":{"rendered":"Soutien"},"content":{"rendered":"<p>\ufeff<\/p>\n<h3>GUIDES D&rsquo;UTILISATION<\/h3>\n<p><strong><a href=\"https:\/\/navty.com\/support\/P1-USER-MANUAL.pdf\">T\u00c9L\u00c9CHARGEMENT DES INSTRUCTIONS POUR LE NAVTY P1<\/a><\/strong> &#8211; PDF Instructions pour le Navty P1&#8230; <a href=\"..\/navty-p1-manuel\/\"> plus d&rsquo;informations, guide d&rsquo;installation et de configuration<\/a><br \/>\n<\/br><\/p>\n<h3>LOGICIEL INT\u00c9GR\u00c9 \/ EXTENSIONS \/ BANQUE DE DONN\u00c9ES POI<\/h3>\n<p><strong><a href=\"https:\/\/navty.com\/support\/NAVTYP1FWFR.zip\">T\u00c9L\u00c9CHARGEMENT DU LOGICIEL INT\u00c9GR\u00c9 NAVTY<\/a> <\/strong> &#8211; Derni\u00e8re version du logiciel int\u00e9gr\u00e9 pour le Navty P1 avec le mode Performance &#8230; <a href=\"..\/navty-p1-manuel\/#anker-performance-mode\">plus d&rsquo;informations, guide d&rsquo;installation et de configuration pour la derni\u00e8re version du logiciel int\u00e9gr\u00e9<\/a><\/p>\n<p><strong><a href=\"https:\/\/navty.com\/support\/addons\/NAVTYP1FWFR.zip\">T\u00c9L\u00c9CHARGEMENT DE L&rsquo;EXTENSION NAVTY P1R<\/a> <\/strong> &#8211; Derni\u00e8re version de l&rsquo;extension P1R du logiciel int\u00e9gr\u00e9 pour le Navty P1 pour activer la d\u00e9tection en temps r\u00e9el des radars et radars laser &#8230; <a href=\"..\/navty-p1-manuel\/#anker-p1r-firmware-addon\">Plus d&rsquo;informations, guide d&rsquo;installation et de configuration pour la derni\u00e8re version de l&rsquo;extension P1R<\/a><\/p>\n<p><strong> <a href=\"https:\/\/navty.com\/support\/update\/eu\/DB.BIN\">T\u00c9L\u00c9CHARGEMENT DE LA BASE DE DONN\u00c9ES NAVTY P1 EUROPA<\/a><\/strong> &#8211; Banque de donn\u00e9es mise \u00e0 jour avec tous les radars fixes en Europe (n\u00e9cessite l&rsquo;extension P1R du logiciel int\u00e9gr\u00e9 avec la d\u00e9tection des radars et radars laser activ\u00e9e) &#8230; <a href=\"..\/navty-p1-manuel\/#anker-poi-datenbank\">plus d&rsquo;informations, guide d&rsquo;installation et de configuration pour la banque de donn\u00e9es POI mise \u00e0 jour<\/a><\/p>\n<p><strong> <a href=\"https:\/\/navty.com\/support\/update\/world\/DB.BIN\">T\u00c9L\u00c9CHARGEMENT DE LA BASE DE DONN\u00c9ES NAVTY P1 DANS LE MONDE<\/a><\/strong> &#8211; Base de donn\u00e9es mise \u00e0 jour avec toutes les cam\u00e9ras radar fixes du monde (n\u00e9cessite l&rsquo;extension P1R du logiciel int\u00e9gr\u00e9 avec la d\u00e9tection des radars et radars laser activ\u00e9e) &#8230; <a href=\"..\/navty-p1-manuel\/#anker-poi-datenbank\">plus d&rsquo;informations, guide d&rsquo;installation et de configuration pour la banque de donn\u00e9es POI mise \u00e0 jour<\/a><br \/>\n<\/br><br \/>\n<\/br><\/p>\n<h3>Des questions\u00a0? Notre service d&rsquo;aide vous vient en aide\u00a0!<\/h3>\n\n<div class=\"wpcf7 no-js\" id=\"wpcf7-f2663-o1\" lang=\"fr-FR\" dir=\"ltr\" data-wpcf7-id=\"2663\">\n<div class=\"screen-reader-response\"><p role=\"status\" aria-live=\"polite\" aria-atomic=\"true\"><\/p> <ul><\/ul><\/div>\n<form action=\"\/fr\/wp-json\/wp\/v2\/pages\/2725#wpcf7-f2663-o1\" method=\"post\" class=\"wpcf7-form init\" aria-label=\"Formulaire de contact\" novalidate=\"novalidate\" data-status=\"init\">\n<fieldset class=\"hidden-fields-container\"><input type=\"hidden\" name=\"_wpcf7\" value=\"2663\" \/><input type=\"hidden\" name=\"_wpcf7_version\" value=\"6.1.4\" \/><input type=\"hidden\" name=\"_wpcf7_locale\" value=\"fr_FR\" \/><input type=\"hidden\" name=\"_wpcf7_unit_tag\" value=\"wpcf7-f2663-o1\" \/><input type=\"hidden\" name=\"_wpcf7_container_post\" value=\"0\" \/><input type=\"hidden\" name=\"_wpcf7_posted_data_hash\" value=\"\" \/>\n<\/fieldset>\n<p><label> Votre nom (obligatoire)<br \/>\n<span class=\"wpcf7-form-control-wrap\" data-name=\"your-name\"><input size=\"40\" maxlength=\"400\" class=\"wpcf7-form-control wpcf7-text wpcf7-validates-as-required\" aria-required=\"true\" aria-invalid=\"false\" value=\"\" type=\"text\" name=\"your-name\" \/><\/span> <\/label>\n<\/p>\n<p><label> Votre adresse e-mail (obligatoire)<br \/>\n<span class=\"wpcf7-form-control-wrap\" data-name=\"your-email\"><input size=\"40\" maxlength=\"400\" class=\"wpcf7-form-control wpcf7-email wpcf7-validates-as-required wpcf7-text wpcf7-validates-as-email\" aria-required=\"true\" aria-invalid=\"false\" value=\"\" type=\"email\" name=\"your-email\" \/><\/span> <\/label>\n<\/p>\n<p><label> Date d'achat \/ Num\u00e9ro de s\u00e9rie<br \/>\n<span class=\"wpcf7-form-control-wrap\" data-name=\"your-subject\"><input size=\"40\" maxlength=\"400\" class=\"wpcf7-form-control wpcf7-text\" aria-invalid=\"false\" value=\"\" type=\"text\" name=\"your-subject\" \/><\/span> <\/label>\n<\/p>\n<p><label> Votre message (obligatoire)<br \/>\n<span class=\"wpcf7-form-control-wrap\" data-name=\"your-message\"><textarea cols=\"40\" rows=\"5\" maxlength=\"2000\" class=\"wpcf7-form-control wpcf7-textarea wpcf7-validates-as-required\" aria-required=\"true\" aria-invalid=\"false\" name=\"your-message\"><\/textarea><\/span> <\/label>\n<\/p>\n<p><input class=\"wpcf7-form-control wpcf7-submit has-spinner\" type=\"submit\" value=\"ENVOYER\" \/>\n<\/p><p style=\"display: none !important;\" class=\"akismet-fields-container\" data-prefix=\"_wpcf7_ak_\"><label>&#916;<textarea name=\"_wpcf7_ak_hp_textarea\" cols=\"45\" rows=\"8\" maxlength=\"100\"><\/textarea><\/label><input type=\"hidden\" id=\"ak_js_1\" name=\"_wpcf7_ak_js\" value=\"184\"\/><script>document.getElementById( \"ak_js_1\" ).setAttribute( \"value\", ( new Date() ).getTime() );<\/script><\/p><div class=\"wpcf7-response-output\" aria-hidden=\"true\"><\/div>\n<\/form>\n<\/div>\n\n","protected":false},"excerpt":{"rendered":"<p>\ufeff GUIDES D&rsquo;UTILISATION T\u00c9L\u00c9CHARGEMENT DES INSTRUCTIONS POUR LE NAVTY P1 &#8211; PDF Instructions pour le Navty P1&#8230; plus d&rsquo;informations, guide d&rsquo;installation et de configuration LOGICIEL INT\u00c9GR\u00c9 \/ EXTENSIONS \/ BANQUE DE DONN\u00c9ES POI T\u00c9L\u00c9CHARGEMENT DU LOGICIEL INT\u00c9GR\u00c9 NAVTY &#8211; Derni\u00e8re version du logiciel int\u00e9gr\u00e9 pour le Navty P1 avec le [&hellip;]<\/p>\n","protected":false},"author":1,"featured_media":0,"parent":0,"menu_order":0,"comment_status":"closed","ping_status":"closed","template":"","meta":{"footnotes":""},"class_list":["post-2725","page","type-page","status-publish","hentry"],"_links":{"self":[{"href":"https:\/\/navty.com\/fr\/wp-json\/wp\/v2\/pages\/2725","targetHints":{"allow":["GET"]}}],"collection":[{"href":"https:\/\/navty.com\/fr\/wp-json\/wp\/v2\/pages"}],"about":[{"href":"https:\/\/navty.com\/fr\/wp-json\/wp\/v2\/types\/page"}],"author":[{"embeddable":true,"href":"https:\/\/navty.com\/fr\/wp-json\/wp\/v2\/users\/1"}],"replies":[{"embeddable":true,"href":"https:\/\/navty.com\/fr\/wp-json\/wp\/v2\/comments?post=2725"}],"version-history":[{"count":3,"href":"https:\/\/navty.com\/fr\/wp-json\/wp\/v2\/pages\/2725\/revisions"}],"predecessor-version":[{"id":4775,"href":"https:\/\/navty.com\/fr\/wp-json\/wp\/v2\/pages\/2725\/revisions\/4775"}],"wp:attachment":[{"href":"https:\/\/navty.com\/fr\/wp-json\/wp\/v2\/media?parent=2725"}],"curies":[{"name":"wp","href":"https:\/\/api.w.org\/{rel}","templated":true}]}}