{"id":4817,"date":"2016-11-25T18:39:16","date_gmt":"2021-11-25T17:39:21","guid":{"rendered":"https:\/\/navty.com\/?post_type=product&#038;p=4817"},"modified":"2021-11-26T17:13:34","modified_gmt":"2021-11-26T16:13:34","slug":"navty-matka-matkalaukku-tutka-ilmaisin","status":"publish","type":"product","link":"https:\/\/navty.com\/fi\/tuote\/navty-matka-matkalaukku-tutka-ilmaisin\/","title":{"rendered":"NAVTY &#8211; Matkalaukku"},"content":{"rendered":"<p><span><strong>NAVTY P1 Matkakotelo<\/strong> &#8211; eritt\u00e4in kevyt &#038; kompakti polykarbonaatti saatavana hopean, titaaninharmaan, kiilt\u00e4v\u00e4n mustan, mets\u00e4nvihre\u00e4n &#038; navty-sinisen v\u00e4risen\u00e4 (yhteensopiva my\u00f6s Escortin, Genevo MAXin, Unidenin tuulilasin tutkanilmaisimille) sis\u00e4lt\u00e4\u00e4 kantohihnat kahdessa koossa ja 2 verkkomaista sivutaskua sis\u00e4puolella t\u00e4ydellist\u00e4 organisointia varten.<\/span><\/p>\n<p><img loading=\"lazy\" decoding=\"async\" src=\"https:\/\/navty.com\/wp-content\/uploads\/2021\/11\/NAVTY-TRAVEL-CASE3-scaled-e1637867288511.jpeg\" alt=\"\" width=\"2560\" height=\"1100\" class=\"alignnone wp-image-5016 size-full\" srcset=\"https:\/\/navty.com\/wp-content\/uploads\/2021\/11\/NAVTY-TRAVEL-CASE3-scaled-e1637867288511.jpeg 2560w, https:\/\/navty.com\/wp-content\/uploads\/2021\/11\/NAVTY-TRAVEL-CASE3-scaled-e1637867288511-600x258.jpeg 600w, https:\/\/navty.com\/wp-content\/uploads\/2021\/11\/NAVTY-TRAVEL-CASE3-scaled-e1637867288511-300x129.jpeg 300w, https:\/\/navty.com\/wp-content\/uploads\/2021\/11\/NAVTY-TRAVEL-CASE3-scaled-e1637867288511-1024x440.jpeg 1024w, https:\/\/navty.com\/wp-content\/uploads\/2021\/11\/NAVTY-TRAVEL-CASE3-scaled-e1637867288511-768x330.jpeg 768w, https:\/\/navty.com\/wp-content\/uploads\/2021\/11\/NAVTY-TRAVEL-CASE3-scaled-e1637867288511-1536x660.jpeg 1536w, https:\/\/navty.com\/wp-content\/uploads\/2021\/11\/NAVTY-TRAVEL-CASE3-scaled-e1637867288511-2048x880.jpeg 2048w\" sizes=\"auto, (max-width: 2560px) 100vw, 2560px\" \/><\/p>\n<p><strong>Koko <\/strong><\/p>\n<p>ulkopuoli: 19 x 12 x 6 cm<br \/>\nSis\u00e4puoli: 16 x 10 x 5 cm<\/p>\n<p><strong>Paino<\/strong><\/p>\n<p>Kotelo: 140 g<br \/>\nHihna: 45g<\/p>\n","protected":false},"excerpt":{"rendered":"<p>+ Eritt\u00e4in kevyt &amp; kompakti polykarbonaatti tutkanpaljastimen matkakotelo<br \/>\n+ Yhteensopiva NAVTY P1, Escort, Genevo, Uniden R1, R3, R4 kanssa.<br \/>\n+ V\u00e4rit: hopea, titan, musta, mets\u00e4nvihre\u00e4, navty sininen.<\/p>\n","protected":false},"featured_media":5008,"comment_status":"open","ping_status":"closed","template":"","meta":[],"product_brand":[],"product_cat":[175],"product_tag":[],"class_list":{"0":"post-4817","1":"product","2":"type-product","3":"status-publish","4":"has-post-thumbnail","6":"product_cat-accessories-fi","8":"first","9":"instock","10":"taxable","11":"shipping-taxable","12":"purchasable","13":"product-type-variable","14":"has-default-attributes"},"_links":{"self":[{"href":"https:\/\/navty.com\/fi\/wp-json\/wp\/v2\/product\/4817","targetHints":{"allow":["GET"]}}],"collection":[{"href":"https:\/\/navty.com\/fi\/wp-json\/wp\/v2\/product"}],"about":[{"href":"https:\/\/navty.com\/fi\/wp-json\/wp\/v2\/types\/product"}],"replies":[{"embeddable":true,"href":"https:\/\/navty.com\/fi\/wp-json\/wp\/v2\/comments?post=4817"}],"wp:featuredmedia":[{"embeddable":true,"href":"https:\/\/navty.com\/fi\/wp-json\/wp\/v2\/media\/5008"}],"wp:attachment":[{"href":"https:\/\/navty.com\/fi\/wp-json\/wp\/v2\/media?parent=4817"}],"wp:term":[{"taxonomy":"product_brand","embeddable":true,"href":"https:\/\/navty.com\/fi\/wp-json\/wp\/v2\/product_brand?post=4817"},{"taxonomy":"product_cat","embeddable":true,"href":"https:\/\/navty.com\/fi\/wp-json\/wp\/v2\/product_cat?post=4817"},{"taxonomy":"product_tag","embeddable":true,"href":"https:\/\/navty.com\/fi\/wp-json\/wp\/v2\/product_tag?post=4817"}],"curies":[{"name":"wp","href":"https:\/\/api.w.org\/{rel}","templated":true}]}}