{"id":3639,"date":"2017-05-24T10:07:13","date_gmt":"2017-05-24T09:07:13","guid":{"rendered":"https:\/\/navty.com\/product\/navty-p1\/"},"modified":"2021-08-04T11:43:52","modified_gmt":"2021-08-04T10:43:52","slug":"navty-p1","status":"publish","type":"product","link":"https:\/\/navty.com\/fi\/tuote\/navty-p1\/","title":{"rendered":"NAVTY P1 &#8211; Premium Edition"},"content":{"rendered":"<h3>NAVTY P1 \u2013 parantaa turvallisuutta, vapautta ja ajo-oikeutta<\/h3>\n<p><img loading=\"lazy\" decoding=\"async\" src=\"https:\/\/navty.com\/wp-content\/uploads\/2020\/07\/navtyp1-car-1.png\" alt=\"navty p1 performance radar detector\" width=\"1920\" height=\"1349\" class=\"alignnone size-full wp-image-3023\" srcset=\"https:\/\/navty.com\/wp-content\/uploads\/2020\/07\/navtyp1-car-1.png 1920w, https:\/\/navty.com\/wp-content\/uploads\/2020\/07\/navtyp1-car-1-600x422.png 600w, https:\/\/navty.com\/wp-content\/uploads\/2020\/07\/navtyp1-car-1-300x211.png 300w, https:\/\/navty.com\/wp-content\/uploads\/2020\/07\/navtyp1-car-1-1024x719.png 1024w, https:\/\/navty.com\/wp-content\/uploads\/2020\/07\/navtyp1-car-1-768x540.png 768w, https:\/\/navty.com\/wp-content\/uploads\/2020\/07\/navtyp1-car-1-1536x1079.png 1536w\" sizes=\"auto, (max-width: 1920px) 100vw, 1920px\" \/><\/p>\n<h3 style=\"text-align: center;\">\/\/\/\/ 0-100 km\/h &#8211; 2.9s<\/h3>\n<p><strong>Suorituskyvyn mittaus saa tarkan nopeuden ja kilometrien lukemisen GPS:n kautta.<\/strong> Kiihtyvyys mitataan (0-100 \/ 0-200 \/ 0-300 km\/ h) aina, t\u00e4ysin automaattinen. Varsinaisten mittausten avulla voit verrata ajoneuvotietojasi tehdastietoihin tai muihin ajoneuvoihin.<\/p>\n<h3>Suojaa. V\u00e4hemm\u00e4n onnettomuusriski\u00e4. Ajokortti ja hienon ehk\u00e4isy.<\/h3>\n<p><img loading=\"lazy\" decoding=\"async\" src=\"https:\/\/navty.com\/wp-content\/uploads\/2017\/05\/NAVTY-P1-0-200-front-1920-e1594284790324.jpeg\" alt=\"NAVTY P1 0-200 performance\" width=\"550\" height=\"412\" class=\"alignleft wp-image-3545\" srcset=\"https:\/\/navty.com\/wp-content\/uploads\/2017\/05\/NAVTY-P1-0-200-front-1920-e1594284790324.jpeg 1279w, https:\/\/navty.com\/wp-content\/uploads\/2017\/05\/NAVTY-P1-0-200-front-1920-e1594284790324-600x450.jpeg 600w, https:\/\/navty.com\/wp-content\/uploads\/2017\/05\/NAVTY-P1-0-200-front-1920-e1594284790324-300x225.jpeg 300w, https:\/\/navty.com\/wp-content\/uploads\/2017\/05\/NAVTY-P1-0-200-front-1920-e1594284790324-1024x768.jpeg 1024w, https:\/\/navty.com\/wp-content\/uploads\/2017\/05\/NAVTY-P1-0-200-front-1920-e1594284790324-768x576.jpeg 768w\" sizes=\"auto, (max-width: 550px) 100vw, 550px\" \/><\/p>\n<h4>Turvallisuus sinulle ja ajokortti<\/h4>\n<p><strong>Vaaralliset alueet ja reaaliaikainen liikenteen seuranta<\/strong> &#8211; meid\u00e4n ilmainen saatavilla P1R firmware voit aktivoida muita varoituksia, kuten vaarallisia alueita, POI nopeuskamera h\u00e4lytykset, 3D Multaradar tekniikka ja laser havaitseminen.<\/p>\n<p><strong>POI varoitus ja liikenteen seuranta<\/strong> &#8211; tietokantamme ilmoittaa vaarallisista alueista ja liikenteen seurantapisteist\u00e4, kuten pysyvist\u00e4 nopeusloukuista \/ kameroista liikennevaloissa \/ osion hallinnassa maailmanlaajuisesti. Lis\u00e4\u00e4 ja hallitse mukautettuja vaarallisia alueita yksil\u00f6llisen turvallisuuden vuoksi.<\/p>\n<p>&nbsp;<\/p>\n<p>&nbsp;<\/p>\n<p>&nbsp;<\/p>\n<p><img loading=\"lazy\" decoding=\"async\" src=\"https:\/\/navty.com\/wp-content\/uploads\/2017\/05\/NAVTY-section-control-1025x1536-1.png\" alt=\"NAVTY-section-control-warning\" width=\"500\" height=\"749\" class=\"alignright wp-image-3720\" srcset=\"https:\/\/navty.com\/wp-content\/uploads\/2017\/05\/NAVTY-section-control-1025x1536-1.png 1025w, https:\/\/navty.com\/wp-content\/uploads\/2017\/05\/NAVTY-section-control-1025x1536-1-600x899.png 600w, https:\/\/navty.com\/wp-content\/uploads\/2017\/05\/NAVTY-section-control-1025x1536-1-200x300.png 200w, https:\/\/navty.com\/wp-content\/uploads\/2017\/05\/NAVTY-section-control-1025x1536-1-683x1024.png 683w, https:\/\/navty.com\/wp-content\/uploads\/2017\/05\/NAVTY-section-control-1025x1536-1-768x1151.png 768w\" sizes=\"auto, (max-width: 500px) 100vw, 500px\" \/><\/p>\n<h4>Korkean suorituskyvyn tunnistus.<\/h4>\n<p><strong>Ilmainen k\u00e4ytett\u00e4viss\u00e4 oleva P1R-laiteohjelmistomme aktivoi NAVTY P1:<\/strong>n korkean suorituskyvyn tutka- ja laservaroitusj\u00e4rjestelm\u00e4n. Luokkansa suurimman tutkaantennien ansiosta jopa pieni teho Multaradar-mittausj\u00e4rjestelm\u00e4t antavat sinulle oikea-aikaisen ja luotettavan varoituksen. Muihin referenssilaitteisiin verrattuna NAVTY P1:ll\u00e4 on aikainen h\u00e4lytysaika jopa 10 kertaa nykyisen Multaradar-standardin yl\u00e4puolella!<\/p>\n<p><strong>Uusimmat 3D MultaRadar- ja 360\u00b0 laseranturit tarjoavat luotettavia h\u00e4lytyksi\u00e4 nopeuskameroille.<\/strong> (segmentoitu K Band, segmentoitu KA Band, X Band, Multaradar CD, Multaradar CT, Gatso RT3, Gatso RT4, Laser).<\/p>\n<p><strong>Aloittelija Mode<\/strong> &#8211; Et tied\u00e4 miten k\u00e4ytt\u00e4\u00e4 tutkanpaljastin? Suositelluilla asetuksillamme voit k\u00e4ytt\u00e4\u00e4 P1:t\u00e4 sekunneissa sen j\u00e4lkeen, kun olet kopioinut P1R-laiteohjelmiston USB-muistitikun kautta.<\/p>\n<p><strong>PRO Ominaisuudet<\/strong> &#8211; asiantuntijoille ja harrastajille P1 tarjoaa my\u00f6s tarkan taajuusmittauksen, mutta my\u00f6s useita tutkah\u00e4lytyksi\u00e4 samanaikaisesti sek\u00e4 tutkakaihtojen segmentointia optimaalisen suorituskyvyn takaamiseksi.<\/p>\n<p><strong>Luokkansa paras tutka-alue ja syv\u00e4suodatustekniikka aluksella.<\/strong> NAVTY P1 on yksi parhaista suodattimista v\u00e4\u00e4rien h\u00e4lytysten minimoimiseksi. T\u00e4m\u00e4 tarkoittaa, ett\u00e4 voit v\u00e4ltt\u00e4\u00e4 v\u00e4\u00e4ri\u00e4 h\u00e4lytyksi\u00e4 esimerkiksi sokean pistepeilitutkan tai muiden sellaisten laitteiden osalta, jotka k\u00e4ytt\u00e4v\u00e4t samanlaisia taajuuksia todellisena tutkana.<\/p>\n<p><img loading=\"lazy\" decoding=\"async\" src=\"https:\/\/navty.com\/wp-content\/uploads\/2017\/05\/NAVTY-P1-Graphic-blacklogo.png\" alt=\"NAVTY P1 performance\" width=\"550\" height=\"389\" class=\"alignleft wp-image-3547\" srcset=\"https:\/\/navty.com\/wp-content\/uploads\/2017\/05\/NAVTY-P1-Graphic-blacklogo.png 1169w, https:\/\/navty.com\/wp-content\/uploads\/2017\/05\/NAVTY-P1-Graphic-blacklogo-600x424.png 600w, https:\/\/navty.com\/wp-content\/uploads\/2017\/05\/NAVTY-P1-Graphic-blacklogo-300x212.png 300w, https:\/\/navty.com\/wp-content\/uploads\/2017\/05\/NAVTY-P1-Graphic-blacklogo-1024x724.png 1024w, https:\/\/navty.com\/wp-content\/uploads\/2017\/05\/NAVTY-P1-Graphic-blacklogo-768x543.png 768w\" sizes=\"auto, (max-width: 550px) 100vw, 550px\" \/><\/p>\n<h4>RDD Stealth.<\/h4>\n<p><strong>Laillinen ja RDD turvallinen. Kaikkialla.<\/strong> &#8211; joissakin maissa kiellet\u00e4\u00e4n liikenteen valvontah\u00e4lytykset. Voit varmistaa, ett\u00e4 voit k\u00e4ytt\u00e4\u00e4 NAVTY-mittaria suorituskyvyn mittaamiseen kaikkialla Euroopassa huoletta, voit helposti poistaa erillisen P1R-laiteohjelmiston milloin tahansa. RDD (Tutkanpaljastimen ilmaisimet) Turvallisuus mukana.<\/p>\n<h4>Suunnittelu ja ohjaus<\/h4>\n<p><strong>Stealth musta muotoilu NAVTY<\/strong> on tehty k\u00e4ytett\u00e4v\u00e4ksi jokaisessa autossa ilman h\u00e4iri\u00f6tekij\u00f6it\u00e4.<\/p>\n<p><strong>Intuitiivinen toiminta ja \u00e4\u00e4niviestit<\/strong> &#8211; valikkoasetukset ja valvonta P1 ovat saatavilla Englanti, saksa, ranska, espanja tai italia. Muuten P1 on intuitiivisin laite: vain 4 isoa ohjauspainiketta ja \u00e4\u00e4nivaroituksia on edelleen helppo k\u00e4ytt\u00e4\u00e4 j\u00e4tt\u00e4m\u00e4tt\u00e4 silmi\u00e4si ajamasta.<\/p>\n<h4>Tulevaisuuden kest\u00e4v\u00e4<\/h4>\n<p><strong>Elinik\u00e4iset p\u00e4ivitykset sis\u00e4ltyv\u00e4t<\/strong> &#8211; NAVTY voidaan p\u00e4ivitt\u00e4\u00e4 muutamassa sekunnissa. Tietokanta ja firmware voidaan helposti p\u00e4ivitt\u00e4\u00e4 USB-muistitikulla mill\u00e4 tahansa Windowsilla, MacOS: ll\u00e4 ja Linux-j\u00e4rjestelm\u00e4ll\u00e4. NAVTY Premium -version avulla saat ilmaisen t\u00e4yden p\u00e4\u00e4syn kaikkiin tietokanta- ja laiteohjelmistop\u00e4ivityksiin sek\u00e4 premium-tukee el\u00e4m\u00e4\u00e4mme.<\/p>\n<h4>NAVTY-takuu<\/h4>\n<p><strong>NAVTY-tyytyv\u00e4isyystakuu<\/strong> &#8211; takaamme, ett\u00e4 tulet rakastamaan P1:t\u00e4si! Siksi tarjoamme jokaiselle P1-asiakkaalle 30 p\u00e4iv\u00e4n laajennetun peruutusajan.<\/p>\n<p><strong>4 vuoden NAVTY premium-takuu<\/strong> &#8211; uskomme tuotteisiimme. Jopa vuosien intensiivinen k\u00e4ytt\u00f6 takaamme NAVTY P1 Premium -laitteesi t\u00e4yden suorituskyvyn. Ostokseesi sis\u00e4ltyy 4 vuoden takuu laitteellesi. Tukemme on t\u00e4\u00e4ll\u00e4 auttaa ongelmia tai vikoja.<\/p>\n<p><img loading=\"lazy\" decoding=\"async\" src=\"https:\/\/navty.com\/wp-content\/uploads\/2017\/05\/NAVTY-P1-Bentley-2-scaled.jpg\" alt=\"NAVTY P1 Bentley radar detector\" width=\"2560\" height=\"1691\" class=\"alignnone size-full wp-image-3717\" srcset=\"https:\/\/navty.com\/wp-content\/uploads\/2017\/05\/NAVTY-P1-Bentley-2-scaled.jpg 2560w, https:\/\/navty.com\/wp-content\/uploads\/2017\/05\/NAVTY-P1-Bentley-2-600x396.jpg 600w, https:\/\/navty.com\/wp-content\/uploads\/2017\/05\/NAVTY-P1-Bentley-2-300x198.jpg 300w, https:\/\/navty.com\/wp-content\/uploads\/2017\/05\/NAVTY-P1-Bentley-2-1024x677.jpg 1024w, https:\/\/navty.com\/wp-content\/uploads\/2017\/05\/NAVTY-P1-Bentley-2-768x507.jpg 768w, https:\/\/navty.com\/wp-content\/uploads\/2017\/05\/NAVTY-P1-Bentley-2-1536x1015.jpg 1536w, https:\/\/navty.com\/wp-content\/uploads\/2017\/05\/NAVTY-P1-Bentley-2-2048x1353.jpg 2048w\" sizes=\"auto, (max-width: 2560px) 100vw, 2560px\" \/><\/p>\n","protected":false},"excerpt":{"rendered":"<p><strong>+ 48 kuukauden takuu<br \/>\n<\/strong><strong>+ Elinik\u00e4iset p\u00e4ivitykset maksutta<\/strong><br \/>\n+ Kiihtyvyysmittari \/ suorituskyvyn seuranta<br \/>\n(0 \u2013 100\/200\/300 km\/h &amp; 0 \u2013 60\/120\/180mph)<br \/>\n+ Reaaliaikainen tutka &amp;amp; Laser &amp;amp; POI varoitus maailmanlaajuisesti *<br \/>\n(*aktivoidaan P1R-laiteohjelmiston kautta)<\/p>\n<p><strong>Pakkauksessa &#8211; k\u00e4ytt\u00f6valmis:<\/strong><br \/>\nNavty P1 Premium -versio<br \/>\nP1 kiinnike tuulilasin kiinnitys<br \/>\n12 V:n virtajohto (1,5 m:n johdollinen)<br \/>\nUSB-sovitin p\u00e4ivityksiin<\/p>\n","protected":false},"featured_media":3426,"comment_status":"open","ping_status":"closed","template":"","meta":[],"product_brand":[],"product_cat":[170],"product_tag":[],"class_list":{"0":"post-3639","1":"product","2":"type-product","3":"status-publish","4":"has-post-thumbnail","6":"product_cat-navty-fi","8":"first","9":"instock","10":"taxable","11":"shipping-taxable","12":"purchasable","13":"product-type-simple"},"_links":{"self":[{"href":"https:\/\/navty.com\/fi\/wp-json\/wp\/v2\/product\/3639","targetHints":{"allow":["GET"]}}],"collection":[{"href":"https:\/\/navty.com\/fi\/wp-json\/wp\/v2\/product"}],"about":[{"href":"https:\/\/navty.com\/fi\/wp-json\/wp\/v2\/types\/product"}],"replies":[{"embeddable":true,"href":"https:\/\/navty.com\/fi\/wp-json\/wp\/v2\/comments?post=3639"}],"wp:featuredmedia":[{"embeddable":true,"href":"https:\/\/navty.com\/fi\/wp-json\/wp\/v2\/media\/3426"}],"wp:attachment":[{"href":"https:\/\/navty.com\/fi\/wp-json\/wp\/v2\/media?parent=3639"}],"wp:term":[{"taxonomy":"product_brand","embeddable":true,"href":"https:\/\/navty.com\/fi\/wp-json\/wp\/v2\/product_brand?post=3639"},{"taxonomy":"product_cat","embeddable":true,"href":"https:\/\/navty.com\/fi\/wp-json\/wp\/v2\/product_cat?post=3639"},{"taxonomy":"product_tag","embeddable":true,"href":"https:\/\/navty.com\/fi\/wp-json\/wp\/v2\/product_tag?post=3639"}],"curies":[{"name":"wp","href":"https:\/\/api.w.org\/{rel}","templated":true}]}}