{"id":3544,"date":"2018-07-18T13:32:17","date_gmt":"2018-07-18T12:32:17","guid":{"rendered":"https:\/\/navty.com\/product\/navty-p1-lifetime-edition\/"},"modified":"2021-08-04T11:46:09","modified_gmt":"2021-08-04T10:46:09","slug":"navty-p1-lifetime-edition","status":"publish","type":"product","link":"https:\/\/navty.com\/fi\/tuote\/navty-p1-lifetime-edition\/","title":{"rendered":"NAVTY P1 &#8211; Lifetime edition"},"content":{"rendered":"<p><strong>NAVTY P1 \u2013 parantaa turvallisuutta, vapautta ja ajo-oikeutta<\/strong><\/p>\n<p><img loading=\"lazy\" decoding=\"async\" src=\"https:\/\/navty.com\/wp-content\/uploads\/2020\/07\/navtyp1-car-1.png\" alt=\"navty p1 performance radar detector \" width=\"1920\" height=\"1349\" class=\"alignnone size-full wp-image-3023\" srcset=\"https:\/\/navty.com\/wp-content\/uploads\/2020\/07\/navtyp1-car-1.png 1920w, https:\/\/navty.com\/wp-content\/uploads\/2020\/07\/navtyp1-car-1-600x422.png 600w, https:\/\/navty.com\/wp-content\/uploads\/2020\/07\/navtyp1-car-1-300x211.png 300w, https:\/\/navty.com\/wp-content\/uploads\/2020\/07\/navtyp1-car-1-1024x719.png 1024w, https:\/\/navty.com\/wp-content\/uploads\/2020\/07\/navtyp1-car-1-768x540.png 768w, https:\/\/navty.com\/wp-content\/uploads\/2020\/07\/navtyp1-car-1-1536x1079.png 1536w\" sizes=\"auto, (max-width: 1920px) 100vw, 1920px\" \/><\/p>\n<p><strong>Suorituskyvyn mittaus<\/strong> &#8211; vastaanottaa tarkka nopeus ja mittarilukema kautta GPS. Kiihtyvyys mitataan (0-100 \/ 0-200 \/ 0-300 km\/ h) aina, t\u00e4ysin automaattinen. Varsinaisten mittausten avulla voit verrata ajoneuvotietojasi tehdastietoihin tai muihin ajoneuvoihin.<\/p>\n<p><img loading=\"lazy\" decoding=\"async\" src=\"https:\/\/navty.com\/wp-content\/uploads\/2020\/07\/NAVTY-section-control-684x1024.jpg\" alt=\"NAVTY P1 Display &amp; Section Control speed limit\" width=\"550\" height=\"824\" class=\"alignright wp-image-3021\" srcset=\"https:\/\/navty.com\/wp-content\/uploads\/2020\/07\/NAVTY-section-control-684x1024.jpg 684w, https:\/\/navty.com\/wp-content\/uploads\/2020\/07\/NAVTY-section-control-600x899.jpg 600w, https:\/\/navty.com\/wp-content\/uploads\/2020\/07\/NAVTY-section-control-200x300.jpg 200w, https:\/\/navty.com\/wp-content\/uploads\/2020\/07\/NAVTY-section-control-768x1150.jpg 768w, https:\/\/navty.com\/wp-content\/uploads\/2020\/07\/NAVTY-section-control-1025x1536.jpg 1025w, https:\/\/navty.com\/wp-content\/uploads\/2020\/07\/NAVTY-section-control-1367x2048.jpg 1367w, https:\/\/navty.com\/wp-content\/uploads\/2020\/07\/NAVTY-section-control-scaled.jpg 1709w\" sizes=\"auto, (max-width: 550px) 100vw, 550px\" \/><\/p>\n<p><strong>POI varoitus ja reaaliaikainen liikenteen valvonta<\/strong> &#8211; ilmainen P1R firmware voit aktivoida muita toimintoja, kuten vaarallisia alueita, POI nopeuskamera h\u00e4lytykset, 3D MultaRadar tekniikka ja laser havaitseminen.<\/p>\n<p><strong>Vaaralliset alueet ja liikenteen seuranta<\/strong> &#8211; tietokantamme ilmoittaa vaarallisista alueista ja liikenteen seurantapisteist\u00e4, kuten pysyvist\u00e4 nopeusloukuista \/ kameroista liikennevaloissa \/ poikkileikkauksen ohjauksessa kaikkialla Euroopassa. Lis\u00e4\u00e4 ja hallitse mukautettuja vaarallisia alueita turvallisuuden lis\u00e4\u00e4miseksi<\/p>\n<p><strong>Reaaliaikainen tutkan ja lasertunnistus<\/strong> &#8211; P1R-laiteohjelmisto aktivoi my\u00f6s NAVTY P1:n tutka- ja laservaroitustoiminnon. Uusin 3D MultaRadar -tekniikka ja 360\u00b0 laseranturit tarjoavat luotettavia h\u00e4lytyksi\u00e4 nopeuskameroille. NAVTY P1 -tutkah\u00e4lytyksess\u00e4 on yksi parhaista suodattimista v\u00e4\u00e4rien h\u00e4lytysten minimoimiseksi. Muihin vertailulaitteisiin verrattuna NAVTY P1:n h\u00e4lytysajat ovat jopa 10 kertaa nykyisen MultaRadar-standardin yl\u00e4puolella.<\/p>\n<p><strong>Laillista kaikkialla Euroopassa<\/strong> &#8211; joissakin maissa kiellet\u00e4\u00e4n liikenteen valvontah\u00e4lytykset. Voit varmistaa, ett\u00e4 voit k\u00e4ytt\u00e4\u00e4 NAVTY-mittaria suorituskyvyn mittaamiseen kaikkialla Euroopassa huoletta, voit helposti poistaa erillisen P1R-laiteohjelmiston milloin tahansa.<\/p>\n<p><strong>P\u00e4ivitykset<\/strong> &#8211; tietokanta ja firmware voidaan helposti p\u00e4ivitt\u00e4\u00e4 USB-muistitikulla tai mill\u00e4 tahansa Windows, MacOS ja Linux-j\u00e4rjestelm\u00e4. NAVTY voidaan p\u00e4ivitt\u00e4\u00e4 automaattisesti muutamassa sekunnissa. NAVTY Lifetime -versiolla saat ilmaisen p\u00e4\u00e4syn kaikkiin tietokanta- ja laiteohjelmistop\u00e4ivityksiin, ikuisesti.<\/p>\n<p><strong>Toiminta- ja \u00e4\u00e4niviestit<\/strong> &#8211; valikkoasetukset ja \u00e4\u00e4niviestit englanniksi, saksaksi, ranskaksi, espanjaksi tai italiaksi.<\/p>\n<p><strong>NAVTY-tyytyv\u00e4isyystakuu<\/strong> &#8211; takaamme, ett\u00e4 tulet rakastamaan P1:t\u00e4si! Siksi tarjoamme jokaiselle P1-asiakkaalle 30 p\u00e4iv\u00e4n laajennetun peruutusajan.<\/p>\n","protected":false},"excerpt":{"rendered":"<p><strong>+ Elinik\u00e4iset p\u00e4ivitykset maksutta<\/strong><br \/>\n+ Kiihtyvyysmittari \/ suorituskyvyn seuranta<br \/>\n(0 \u2013 100\/200\/300 km\/h &amp; 0 \u2013 60\/120\/180mph)<br \/>\n+ Reaaliaikainen tutka &amp;amp; Laser &amp;amp; POI varoitus maailmanlaajuisesti *<br \/>\n(*aktivoidaan P1R-laiteohjelmiston kautta)<\/p>\n<p><strong>Pakkauksessa \u2013 k\u00e4ytt\u00f6valmis:<\/strong><br \/>\nNavty P1 Elinik\u00e4inen Painos<br \/>\nP1 kiinnike tuulilasin kiinnitys<br \/>\n12 V:n virtajohto (1,5 m:n johdollinen)<br \/>\nUSB-sovitin p\u00e4ivityksiin<\/p>\n","protected":false},"featured_media":3545,"comment_status":"open","ping_status":"closed","template":"","meta":[],"product_brand":[],"product_cat":[170],"product_tag":[],"class_list":{"0":"post-3544","1":"product","2":"type-product","3":"status-publish","4":"has-post-thumbnail","6":"product_cat-navty-fi","8":"first","9":"instock","10":"taxable","11":"shipping-taxable","12":"purchasable","13":"product-type-simple"},"_links":{"self":[{"href":"https:\/\/navty.com\/fi\/wp-json\/wp\/v2\/product\/3544","targetHints":{"allow":["GET"]}}],"collection":[{"href":"https:\/\/navty.com\/fi\/wp-json\/wp\/v2\/product"}],"about":[{"href":"https:\/\/navty.com\/fi\/wp-json\/wp\/v2\/types\/product"}],"replies":[{"embeddable":true,"href":"https:\/\/navty.com\/fi\/wp-json\/wp\/v2\/comments?post=3544"}],"wp:featuredmedia":[{"embeddable":true,"href":"https:\/\/navty.com\/fi\/wp-json\/wp\/v2\/media\/3545"}],"wp:attachment":[{"href":"https:\/\/navty.com\/fi\/wp-json\/wp\/v2\/media?parent=3544"}],"wp:term":[{"taxonomy":"product_brand","embeddable":true,"href":"https:\/\/navty.com\/fi\/wp-json\/wp\/v2\/product_brand?post=3544"},{"taxonomy":"product_cat","embeddable":true,"href":"https:\/\/navty.com\/fi\/wp-json\/wp\/v2\/product_cat?post=3544"},{"taxonomy":"product_tag","embeddable":true,"href":"https:\/\/navty.com\/fi\/wp-json\/wp\/v2\/product_tag?post=3544"}],"curies":[{"name":"wp","href":"https:\/\/api.w.org\/{rel}","templated":true}]}}