{"id":3440,"date":"2020-07-14T17:43:51","date_gmt":"2020-07-14T16:43:51","guid":{"rendered":"https:\/\/navty.com\/product\/p1-direct-wire-kit\/"},"modified":"2020-08-20T10:08:28","modified_gmt":"2020-08-20T09:08:28","slug":"p1-direct-wire-kit","status":"publish","type":"product","link":"https:\/\/navty.com\/fi\/tuote\/p1-direct-wire-kit\/","title":{"rendered":"P1 Suora johto kit"},"content":{"rendered":"<p><strong>P1 Suora virtajohtosarja<\/strong> est\u00e4\u00e4 savukkeensytyttimen pistorasian tai 12 v:n lis\u00e4laitteen pistorasian k\u00e4yt\u00f6n. Eritt\u00e4in ohut johto eritt\u00e4in helppoa ja nopeaa asennusta varten. Helposti vaihdettava Automotive sulake lis\u00e4\u00e4 turvallisuutta on aluksella.<\/p>\n","protected":false},"excerpt":{"rendered":"<p>+ Laadukkaat liittimet vuosien k\u00e4ytt\u00f6\u00f6n<br \/>\n+ Helposti vaihdettava Autosulake<br \/>\n+ Yhteensopiva Beltronics, Escort, Genevo, Uniden &amp;amp; V1 tutkanpaljastimet (RJ11)<\/p>\n","protected":false},"featured_media":3441,"comment_status":"open","ping_status":"closed","template":"","meta":[],"product_brand":[],"product_cat":[175],"product_tag":[],"class_list":{"0":"post-3440","1":"product","2":"type-product","3":"status-publish","4":"has-post-thumbnail","6":"product_cat-accessories-fi","8":"first","9":"instock","10":"taxable","11":"shipping-taxable","12":"purchasable","13":"product-type-simple"},"_links":{"self":[{"href":"https:\/\/navty.com\/fi\/wp-json\/wp\/v2\/product\/3440","targetHints":{"allow":["GET"]}}],"collection":[{"href":"https:\/\/navty.com\/fi\/wp-json\/wp\/v2\/product"}],"about":[{"href":"https:\/\/navty.com\/fi\/wp-json\/wp\/v2\/types\/product"}],"replies":[{"embeddable":true,"href":"https:\/\/navty.com\/fi\/wp-json\/wp\/v2\/comments?post=3440"}],"wp:featuredmedia":[{"embeddable":true,"href":"https:\/\/navty.com\/fi\/wp-json\/wp\/v2\/media\/3441"}],"wp:attachment":[{"href":"https:\/\/navty.com\/fi\/wp-json\/wp\/v2\/media?parent=3440"}],"wp:term":[{"taxonomy":"product_brand","embeddable":true,"href":"https:\/\/navty.com\/fi\/wp-json\/wp\/v2\/product_brand?post=3440"},{"taxonomy":"product_cat","embeddable":true,"href":"https:\/\/navty.com\/fi\/wp-json\/wp\/v2\/product_cat?post=3440"},{"taxonomy":"product_tag","embeddable":true,"href":"https:\/\/navty.com\/fi\/wp-json\/wp\/v2\/product_tag?post=3440"}],"curies":[{"name":"wp","href":"https:\/\/api.w.org\/{rel}","templated":true}]}}