{"id":3503,"date":"2019-07-27T12:16:16","date_gmt":"2019-07-27T11:16:16","guid":{"rendered":"https:\/\/navty.com\/amazon-text-inklusive-formatierung\/"},"modified":"2019-07-27T12:16:16","modified_gmt":"2019-07-27T11:16:16","slug":"amazon-text-inklusive-formatierung","status":"publish","type":"page","link":"https:\/\/navty.com\/fi\/amazon-text-inklusive-formatierung\/","title":{"rendered":"Amazon &#8211; Text inklusive Formatierung"},"content":{"rendered":"<p>48 Monate Garantie<br \/>\nlebenslang kostenlose Udates<br \/>\nBeschleunigungsmesser\/Performance Tracker (0-100 \/ 0-200 \/ 0-300 km\/h)<br \/>\nRadarwarner und Laserwarner-Funktion aktivierbar und deaktivierbar<\/p>\n<p><strong>Der Navty P1 ist der erste GPS basierte Beschleunigungsmesser mit zus\u00e4tzlich aktivierbarer Radar- und Lasererkennung.<br \/>\n<\/br><\/br><br \/>\nDie Messung der Fahrzeugbeschleunigung (0-100 \/ 0-200 \/ 0-300 km\/h) wird \u00fcber den eingebauten GPS Empf\u00e4nger ermittelt und erfolgt vollautomatisch.<br \/>\n<\/br><\/br><br \/>\nDer Navty P1 Performancetracker l\u00e4sst sich nach Bedarf mittels deutschem Men\u00fc programmieren und ist somit den jeweiligen Anforderungen und W\u00fcnschen des Kunden anpassbar.<br \/>\n<\/br><\/br><br \/>\nBei Bedarf kann die Radarwarner und Laserwarner-Funktion vom Nutzer jederzeit aktiviert und deaktiviert werden.\u00a0<\/strong><strong>Bevor Sie die Radarwarnerfunktion aktivieren, erkundigen Sie sich bitte nach der jeweiligen Gesetzeslage in Ihrem Land. Der Navty P1 z\u00e4hlt dank der neuen Echtzeit-Radar- und Lasererkennung zu den besten High-End Radarwarnger\u00e4ten in Europa. Der P1 verf\u00fcgt \u00fcber die neueste 3D Multaradar Technologie und erkennt auch die neuen MultaRadar Messanlagen.<br \/>\n<\/br><\/br><br \/>\nEines der besten und fortschrittlichsten Filtersystem erm\u00f6glicht es Fehlalarme auf ein Minimum zu reduzieren, ohne dabei wichtige Vorwarnzeiten bei echten Gefahrenstellen einzub\u00fc\u00dfen. Radarfallen oder Lasermessungen werden sowohl im Display als auch mittels deutscher Sprachansage gemeldet.\u00a0<\/strong><br \/>\n<\/br><\/br><\/p>\n","protected":false},"excerpt":{"rendered":"<p>48 Monate Garantie lebenslang kostenlose Udates Beschleunigungsmesser\/Performance Tracker (0-100 \/ 0-200 \/ 0-300 km\/h) Radarwarner und Laserwarner-Funktion aktivierbar und deaktivierbar Der Navty P1 ist der erste GPS basierte Beschleunigungsmesser mit zus\u00e4tzlich aktivierbarer Radar- und Lasererkennung. Die Messung der Fahrzeugbeschleunigung (0-100 \/ 0-200 \/ 0-300 km\/h) wird \u00fcber den eingebauten GPS [&hellip;]<\/p>\n","protected":false},"author":2,"featured_media":0,"parent":0,"menu_order":0,"comment_status":"closed","ping_status":"closed","template":"","meta":{"footnotes":""},"class_list":["post-3503","page","type-page","status-publish","hentry"],"_links":{"self":[{"href":"https:\/\/navty.com\/fi\/wp-json\/wp\/v2\/pages\/3503","targetHints":{"allow":["GET"]}}],"collection":[{"href":"https:\/\/navty.com\/fi\/wp-json\/wp\/v2\/pages"}],"about":[{"href":"https:\/\/navty.com\/fi\/wp-json\/wp\/v2\/types\/page"}],"author":[{"embeddable":true,"href":"https:\/\/navty.com\/fi\/wp-json\/wp\/v2\/users\/2"}],"replies":[{"embeddable":true,"href":"https:\/\/navty.com\/fi\/wp-json\/wp\/v2\/comments?post=3503"}],"version-history":[{"count":0,"href":"https:\/\/navty.com\/fi\/wp-json\/wp\/v2\/pages\/3503\/revisions"}],"wp:attachment":[{"href":"https:\/\/navty.com\/fi\/wp-json\/wp\/v2\/media?parent=3503"}],"curies":[{"name":"wp","href":"https:\/\/api.w.org\/{rel}","templated":true}]}}