{"id":2740,"date":"2019-09-11T19:42:37","date_gmt":"2019-09-11T18:42:37","guid":{"rendered":"https:\/\/navty.com\/navty-p1-manual\/"},"modified":"2020-12-16T16:51:23","modified_gmt":"2020-12-16T15:51:23","slug":"navty-p1-manual","status":"publish","type":"page","link":"https:\/\/navty.com\/es\/navty-p1-manual\/","title":{"rendered":"Navty P1 Manual"},"content":{"rendered":"<h3>INSTRUCCIONES DE NAVTY P1<\/h3>\n<p><strong>1. INSTALACI\u00d3N EN EL VEH\u00cdCULO<\/strong><\/p>\n<ul style=\"list-style: none; padding-left: 20px; margin: -14px 0px 4px 0px;\">\n<li>1.1. <a href=\"#anker-1-montage\">Montaje<\/a><\/li>\n<li>1.2. <a href=\"#anker-1-hinweise\">Avisos<\/a><\/li>\n<\/ul>\n<p><strong>2. MODO RENDIMIENTO<\/strong><\/p>\n<ul style=\"list-style: none; padding-left: 20px; margin: -14px 0px 4px 0px;\">\n<li>2.1. <a href=\"#anker-2-download\">Descarga<\/a><\/li>\n<li>2.2. <a href=\"#anker-2-firmware-update\">Actualizaci\u00f3n de firmware<\/a><\/li>\n<li>2.3. <a href=\"#anker-2-bedienung\">Manejo<\/a><\/li>\n<li>2.4. <a href=\"#anker-2-einstellung\">Ajuste<\/a><\/li>\n<li>2.5. <a href=\"#anker-2-menu-konfiguration\">Men\u00fa \/ Configuraci\u00f3n<\/a><\/li>\n<\/ul>\n<p><strong>3. ADD-ON DE FIRMWARE P1R<\/strong><\/p>\n<ul style=\"list-style: none; padding-left: 20px; margin: -14px 0px 4px 0px;\">\n<li>3.1. <a href=\"#anker-3-download\">Descarga<\/a><\/li>\n<li>3.2. <a href=\"#anker-3-addon-installieren\">Instalar add-on<\/a><\/li>\n<li>3.3. <a href=\"#anker-3-addon-aktivieren\">Activar add-on<\/a><\/li>\n<li>3.4. <a href=\"#anker-3-addon-loeschen\">Borrar add-on<\/a><\/li>\n<li>3.5. <a href=\"#anker-3-bedienung\">Manejo<\/a><\/li>\n<li>3.6. <a href=\"#anker-3-einstellung\">Ajuste<\/a><\/li>\n<li>3.7. <a href=\"#anker-3-menu-konfiguration\">Men\u00fa \/ Configuraci\u00f3n<\/a><\/li>\n<\/ul>\n<p><strong>4. BASE DE DATOS DE POI<\/strong><\/p>\n<ul style=\"list-style: none; padding-left: 20px; margin: -14px 0px 4px 0px;\">\n<li>4.1. <a href=\"#anker-4-download\">Descarga<\/a><\/li>\n<li>4.2. <a href=\"#anker-4-update-der-datenbank\"> Actualizaci\u00f3n de la base de datos<\/a><\/li>\n<li>4.3. <a href=\"#anker-4-datenbank-loeschen\">Borrar base de datos<\/a><\/li>\n<\/ul>\n<p><\/br><br \/>\n<\/br><\/p>\n<h3>1. INSTALACI\u00d3N EN EL VEH\u00cdCULO<\/h3>\n<p>Todo lo que necesita para una instalaci\u00f3n r\u00e1pida en pocos minutos est\u00e1 incluido en el volumen de suministro.<\/p>\n<p><strong id=\"anker-1-montage\">MONTAJE<\/strong><\/p>\n<ol>\n<li>Conecte el cable de alimentaci\u00f3n de 12\u00a0V suministrado <span style=\"color: #3c78d8;\"><strong>(5)<\/strong><\/span> al lado del P1 y, a continuaci\u00f3n, al conector de 12\u00a0V del veh\u00edculo.<\/li>\n<li>Fije el soporte en la ranura de la parte delantera. El soporte se desbloquea con la tecla central <span style=\"color: #3c78d8;\"><strong>(6)<\/strong><\/span><\/li>\n<li>Fije el P1 a la luna delantera con las ventosas y alinee la unidad horizontalmente. Aseg\u00farese de tener una buena visi\u00f3n del exterior.<\/li>\n<\/ol>\n<p><strong id=\"anker-1-hinweise\">Atenci\u00f3n:<\/strong> el metal impide una recepci\u00f3n perfecta. Por lo tanto, antes del montaje, compruebe si su veh\u00edculo est\u00e1 equipado con un parabrisas metalizado o con calefacci\u00f3n para la luna delantera. En este caso, compruebe d\u00f3nde hay un hueco para colocar dispositivos electr\u00f3nicos en su parabrisas. En la mayor\u00eda de veh\u00edculos, dicho hueco se encuentra en el \u00e1rea alrededor del espejo retrovisor. Para una funcionalidad completa, el Navty P1 debe colocarse ah\u00ed.<\/br><br \/>\n<strong>Aviso:<\/strong> Proteja el dispositivo del sol durante largos per\u00edodos de inactividad.<br \/>\n<\/br><\/p>\n<h3 id=\"anker-performance-mode\">2. MODO RENDIMIENTO<\/h3>\n<p><strong id=\"anker-2-download\">DESCARGA<\/strong><\/p>\n<p>Firmware P1 actual para el Navty P1 con modo rendimiento: <strong><a href=\"https:\/\/navty.com\/support\/NAVTYP1.bin\">FIRMWARE NAVTY P1<\/a> <\/strong><br \/>\n<\/br><\/p>\n<p><strong id=\"anker-2-firmware-update\">ACTUALIZACI\u00d3N DE FIRMWARE<\/strong><\/p>\n<ol>\n<li>Descargue el FIRMWARE P1 actual y c\u00f3pielo a una memoria USB.<\/li>\n<li>Desconecte el P1 del suministro el\u00e9ctrico y conecte la memoria USB al Navty P1.<\/li>\n<li>Vuelva a conectar el Navty P1 al suministro el\u00e9ctrico. El P1 se iniciar\u00e1 y la actualizaci\u00f3n se instalar\u00e1 autom\u00e1ticamente.<\/li>\n<li>Tras la actualizaci\u00f3n exitosa (espere al mensaje en la pantalla), reinicie el P1<\/li>\n<\/ol>\n<p><strong id=\"anker-2-bedienung\">MANEJO<\/strong><\/p>\n<div><img loading=\"lazy\" decoding=\"async\" src=\"https:\/\/navty.com\/wp-content\/uploads\/2019\/09\/navty-p1-manual-300x350.jpg\" alt=\"Manual Navty P1\" width=\"300\" height=\"350\" class=\"alignnone size-full wp-image-2410 alignright\" srcset=\"https:\/\/navty.com\/wp-content\/uploads\/2019\/09\/navty-p1-manual-300x350.jpg 300w, https:\/\/navty.com\/wp-content\/uploads\/2019\/09\/navty-p1-manual-300x350-257x300.jpg 257w\" sizes=\"auto, (max-width: 300px) 100vw, 300px\" \/><\/div>\n<p><span style=\"color: #3c78d8;\"><strong>(1)<\/strong> Pulsaci\u00f3n corta<\/span> &#8211; Abrir men\u00fa y desplazarse hacia arriba en el men\u00fa<br \/>\n<span style=\"color: #3c78d8;\"><strong>(1)<\/strong> Pulsar 3 segundos<\/span> &#8211; ENCENDER\/APAGAR<br \/>\n<span style=\"color: #3c78d8;\"><strong>(2)<\/strong> Pulsaci\u00f3n corta<\/span> &#8211; Brillo de pantalla y desplazarse hacia abajo en el men\u00fa<br \/>\n<span style=\"color: #3c78d8;\"><strong>(3)<\/strong> Pulsaci\u00f3n corta<\/span> &#8211; Volumen + y modificar opciones en el men\u00fa<br \/>\n<span style=\"color: #3c78d8;\"><strong>(4)<\/strong> Pulsaci\u00f3n corta<\/span> &#8211; Volumen &#8211; y modificar opciones en el men\u00fa<br \/>\n<span style=\"color: #3c78d8;\"><strong>(5)<\/strong><\/span> Conexi\u00f3n el\u00e9ctrica de 12 V<br \/>\n<span style=\"color: #3c78d8;\"><strong>(6)<\/strong><\/span> Desbloqueo de soporte de parabrisas<br \/>\n<\/br><\/p>\n<p><strong id=\"anker-2-einstellung\">AJUSTE<\/strong><\/p>\n<p>Pulsando el bot\u00f3n <span style=\"color: #3c78d8;\"><strong>(1)<\/strong> <\/span> Accede al men\u00fa de ajustes y puede configurar el Navty P1 seg\u00fan sus necesidades.<\/p>\n<ul>\n<li>Selecci\u00f3n en el men\u00fa con <span style=\"color: #3c78d8;\"><strong>(1)<\/strong> MENU \u21d1<\/span> o <span style=\"color: #3c78d8;\"><strong>(2)<\/strong> MENU \u21d3<\/span><\/li>\n<li>Modificar ajustes con <span style=\"color: #3c78d8;\"><strong>(3)<\/strong> VOL +<\/span> o <span style=\"color: #3c78d8;\"><strong>(4)<\/strong> VOL &#8211;<\/span><\/li>\n<li>Tras 8 segundos de inactividad, se saldr\u00e1 autom\u00e1ticamente del men\u00fa, guardando sus ajustes.<\/li>\n<\/ul>\n<p><strong id=\"anker-2-menu-konfiguration\">MEN\u00da \/ CONFIGURACI\u00d3N<\/strong> <span style=\"font-size: 0.8em;\">(las entradas marcadas en <span style=\"color: #3c78d8;\"><strong>AZUL<\/strong><\/span> son ajustes de f\u00e1brica est\u00e1ndar)<\/span><\/p>\n<ol>\n<li><strong>PANTALLA:<\/strong> <span style=\"color: #3c78d8;\"><strong>VELOCIDAD y DIRECCI\u00d3N<\/strong><\/span> \/ VELOCIDAD y TIEMPO \/ VELOCIDAD y VOLTAJE \/ TIEMPO DE ACELERACI\u00d3N<\/li>\n<li><strong>ROTACION PANTALLA 180\u00b0:<\/strong> ENCENDIDO \/ <span style=\"color: #3c78d8;\"><strong>APAGADO<\/strong><\/span><\/li>\n<li><strong>TIEMPO DE ACELERACI\u00d3N:<\/strong> <span style=\"color: #3c78d8;\"><strong> ENCENDIDO<\/strong><\/span> \/ APAGADO<\/li>\n<li><strong>HUSO HORARIO:<\/strong> <span style=\"color: #3c78d8;\"><strong> 12H<\/strong><\/span><\/li>\n<li><strong>IDIOMA:<\/strong> <span style=\"color: #3c78d8;\"><strong> ENGLISH<\/strong><\/span> \/ DEUTSCH \/ FRAN\u00c7AIS \/ ESPA\u00d1OL <\/li>\n<li><strong>UNIDADES:<\/strong> <span style=\"color: #3c78d8;\"><strong> M\u00c9TRICO<\/strong><\/span> (kmh) \/ ENGLISH (mph)<\/li>\n<li><strong>CONFIGURACI\u00d3N INICIAL:<\/strong> Pulse el bot\u00f3n <span style=\"color: #3c78d8;\"><strong>(4)<\/strong> VOL &#8211;<\/span> durante 3 segundos para restaurar los configuraci\u00f3n inicial.<\/li>\n<li><strong>CERRAR MEN\u00da:<\/strong> Pulse el bot\u00f3n <span style=\"color: #3c78d8;\"><strong>(3)<\/strong> VOL +<\/span> o el bot\u00f3n <span style=\"color: #3c78d8;\"><strong>(4)<\/strong> VOL &#8211;<\/span> para salir del men\u00fa y guardar la configuraci\u00f3n.<\/li>\n<\/ol>\n<p><\/br><\/p>\n<h3 id=\"anker-p1r-firmware-addon\">3. ADD-ON DE FIRMWARE P1R<\/h3>\n<p><strong id=\"anker-3-download\">DESCARGA<\/strong><\/p>\n<p>Add-on para firmware P1R actual con detecci\u00f3n de radar y l\u00e1ser en tiempo real <strong><a href=\"https:\/\/navty.com\/support\/addons\/NAVTYP1.bin\">ADD-ON PARA EL FIRMWARE DE NAVTY P1R<\/a> <\/strong><br \/>\n<\/br><\/p>\n<p><strong id=\"anker-3-addon-installieren\">INSTALAR ADD-ON<\/strong><\/p>\n<ol>\n<li>Descargue el ADD-ON DE FIRMWARE P1R actual y c\u00f3pielo a una memoria USB.<\/li>\n<li>Desconecte el P1 del suministro el\u00e9ctrico y conecte la memoria USB al Navty P1.<\/li>\n<li>Vuelva a conectar el Navty P1 al suministro el\u00e9ctrico. El P1 se iniciar\u00e1 y la actualizaci\u00f3n se instalar\u00e1 autom\u00e1ticamente.<\/li>\n<li>Tras la actualizaci\u00f3n exitosa (espere al mensaje en la pantalla), reinicie el P1.<\/li>\n<\/ol>\n<p><strong id=\"anker-3-addon-aktivieren\">ACTIVAR ADD-ON<\/strong><\/p>\n<ol>\n<li>Aseg\u00farese de que el add-on P1R se ha instalado y desconecte el P1 del suministro el\u00e9ctrico.<\/li>\n<li>Mantenga pulsados a la vez durante 10 segundos los botones <span style=\"color: #3c78d8;\"><strong>(2)<\/strong> + <strong>(4)<\/strong> mientras<\/span> vuelve a conectar el P1 a la corriente.<\/li>\n<\/ol>\n<p><strong id=\"anker-3-addon-loeschen\">BORRAR ADD-ON<\/strong><br \/>\nPara asegurarse de que no se cargan extensiones, puede borrarlas utilizando una combinaci\u00f3n de botones. Para ello, pulse a la vez los botones <span style=\"color: #3c78d8;\"><strong>(2)<\/strong> + <strong>(4)<\/strong> durante 3 segundos<\/span> hasta que aparezca \u00abModo rendimiento\u00bb en la pantalla. De esta manera, se borrar\u00e1n inmediatamente todos los add-on y solo podr\u00e1n volver a activarse mediante una actualizaci\u00f3n de add-ons.<br \/>\n<\/br><\/p>\n<p><strong id=\"anker-3-bedienung\">MANEJO<\/strong><\/p>\n<div><img loading=\"lazy\" decoding=\"async\" src=\"https:\/\/navty.com\/wp-content\/uploads\/2019\/09\/navty-p1-manual-350x400.jpg\" alt=\"Manual Navty P1\" width=\"350\" height=\"400\" class=\"size-full wp-image-2401 alignright\" srcset=\"https:\/\/navty.com\/wp-content\/uploads\/2019\/09\/navty-p1-manual-350x400.jpg 350w, https:\/\/navty.com\/wp-content\/uploads\/2019\/09\/navty-p1-manual-350x400-263x300.jpg 263w\" sizes=\"auto, (max-width: 350px) 100vw, 350px\" \/><\/div>\n<p><span style=\"color: #3c78d8;\"><strong>(1)<\/strong> Pulsaci\u00f3n corta<\/span> &#8211; Abrir men\u00fa y desplazarse hacia arriba en el men\u00fa<br \/>\n<span style=\"color: #3c78d8;\"><strong>(1)<\/strong> Pulsar 3 segundos<\/span> &#8211; ENCENDER\/APAGAR<br \/>\n<span style=\"color: #3c78d8;\"><strong>(2)<\/strong> Pulsaci\u00f3n corta<\/span> &#8211; Brillo de pantalla y desplazarse hacia abajo en el men\u00fa<br \/>\n<span style=\"color: #3c78d8;\"><strong>(3)<\/strong> Pulsaci\u00f3n corta<\/span> &#8211; Volumen + y modificar opciones en el men\u00fa<br \/>\n<span style=\"color: #3c78d8;\"><strong>(3)<\/strong> Pulsar 3 segundos<\/span> &#8211; Guardar zonas peligrosas propias GPS (solo durante el desplazamiento)<br \/>\n<span style=\"color: #3c78d8;\"><strong>(4)<\/strong> Pulsaci\u00f3n corta<\/span> &#8211; Volumen &#8211; y modificar opciones en el men\u00fa<br \/>\n<span style=\"color: #3c78d8;\"><strong>(4)<\/strong> Pulsar 3 segundos<\/span> &#8211; Borrar\/bloquear zonas peligrosas propias GPS (solo durante el desplazamiento)<br \/>\n<span style=\"color: #3c78d8;\"><strong>(5)<\/strong><\/span> Conexi\u00f3n el\u00e9ctrica de 12 V<br \/>\n<span style=\"color: #3c78d8;\"><strong>(6)<\/strong><\/span> Desbloqueo de soporte de parabrisas<br \/>\n<span style=\"color: #3c78d8;\"><strong>(2)<\/strong> + <strong>(4)<\/strong> Pulsar a la vez durante 3 segundos<\/span> &#8211; Borrar add-on P1R<br \/>\n<\/br><br \/>\n<strong id=\"anker-3-einstellung\">AJUSTE<\/strong><\/p>\n<p>Pulsando el bot\u00f3n <span style=\"color: #3c78d8;\"><strong>(1)<\/strong> <\/span> Accede al men\u00fa de ajustes y puede configurar el Navty P1 seg\u00fan sus necesidades.<\/p>\n<ul>\n<li>Selecci\u00f3n en el men\u00fa con <span style=\"color: #3c78d8;\"><strong>(1)<\/strong> MENU \u21d1<\/span> o <span style=\"color: #3c78d8;\"><strong>(2)<\/strong> MENU \u21d3<\/span><\/li>\n<li>Modificar ajustes con <span style=\"color: #3c78d8;\"><strong>(3)<\/strong> VOL +<\/span> o <span style=\"color: #3c78d8;\"><strong>(4)<\/strong> VOL &#8211;<\/span><\/li>\n<li>Tras 8 segundos de inactividad, se saldr\u00e1 autom\u00e1ticamente del men\u00fa, guardando sus ajustes.<\/li>\n<\/ul>\n<p><strong id=\"anker-3-menu-konfiguration\">MEN\u00da \/ CONFIGURACI\u00d3N<\/strong> <span style=\"font-size: 0.8em;\">(las entradas marcadas en <span style=\"color: #3c78d8;\"><strong>AZUL<\/strong><\/span> son ajustes de f\u00e1brica est\u00e1ndar)<\/span><\/p>\n<ol>\n<li><strong>ALERTA M\u00cdNIMA VELOCIDAD: <\/strong>APAGADO \/ 10 \/ <span style=\"color: #3c78d8;\"><strong>20<\/strong><\/span> \/ ..130 km\/h<\/li>\n<li><strong>VELOCIDAD M\u00c1XIMO MODO CIUDAD: <\/strong>APAGADO \/ 10 \/ 20.. <span style=\"color: #3c78d8;\"><strong>60<\/strong><\/span> \/ ..130 km\/h<\/li>\n<li><strong>SENSIBILIDAD DE MODO CIUDAD:<\/strong> 10 \/ 20.. <span style=\"color: #3c78d8;\"><strong>70%<\/strong><\/span> ..90 %<\/li>\n<li><strong>ALARMA INTELIGENTE:<\/strong> <span style=\"color: #3c78d8;\"><strong>ENCENDIDO<\/strong><\/span> \/ APAGADO<\/li>\n<li><strong>PANTALLA:<\/strong> <span style=\"color: #3c78d8;\"><strong>VELOCIDAD y DIRECCI\u00d3N<\/strong><\/span> \/ VELOCIDAD y TIEMPO \/ VELOCIDAD y VOLTAJE<\/li>\n<li><strong>INFORMACI\u00d3N DEL RADAR:<\/strong> <span style=\"color: #3c78d8;\"><strong>SENCILLO<\/strong><\/span> \/ FREQUENCIA \/ VISTA BANDAS DE RADAR<\/li>\n<li><strong>ROTACION PANTALLA 180\u00b0:<\/strong> ENCENDIDO \/ <span style=\"color: #3c78d8;\"><strong>APAGADO<\/strong><\/span><\/li>\n<li><strong>TIEMPO DE ACELERACI\u00d3N:<\/strong> <span style=\"color: #3c78d8;\"><strong> ENCENDIDO<\/strong><\/span> \/ APAGADO<\/li>\n<li><strong>CONFIGURACI\u00d3N RADAR: <\/strong><span style=\"color: #3c78d8;\"><strong>RECOMENDADO<\/strong><\/span> \/ MODO USUARIO*<\/li>\n<ul style=\"list-style-type: square; list-style-position: inside; list-style-image: none; margin: 10px 0px;\">\n  9.1.<strong> *MODO USUARIO CONFIGURACI\u00d3N RADAR<\/strong><\/p>\n<li><strong>LASER:<\/strong> <span style=\"color: #3c78d8;\"><strong>ENCENDIDO<\/strong><\/span> \/ APAGADO<\/li>\n<li><strong>MULTA:<\/strong> <span style=\"color: #3c78d8;\"><strong>ENCENDIDO<\/strong><\/span> \/ APAGADO<\/li>\n<li><strong>X BAND:<\/strong> ENCENDIDO \/ <span style=\"color: #3c78d8;\"><strong>APAGADO<\/strong><\/span><\/li>\n<li><strong>K BAND:<\/strong> <span style=\"color: #3c78d8;\"><strong>APAGADO<\/strong><\/span> \/ NARROW \/ FULL<\/li>\n<li><strong>KA BAND:<\/strong> APAGADO \/ <span style=\"color: #3c78d8;\"><strong>ENCENDIDO<\/strong><\/span> \/ MODO USUARIO**<\/li>\n<ul style=\"list-style-type: square; list-style-position: inside; list-style-image: none; margin: 10px 0px; padding-left: 3em;\">\n  9.1.1.<strong> **MODO USUARIO KA-BAND<\/strong><\/p>\n<li><strong>KA  1 &#8211; 33.550: <\/strong> ENCENDIDO \/ <span style=\"color: #3c78d8;\"><strong>APAGADO<\/strong><\/span><\/li>\n<li><strong>KA  2 &#8211; 33.800: <\/strong> ENCENDIDO \/ <span style=\"color: #3c78d8;\"><strong>APAGADO<\/strong><\/span><\/li>\n<li><strong>KA  3 &#8211; 34.000: <\/strong> <span style=\"color: #3c78d8;\"><strong>ENCENDIDO<\/strong><\/span> \/ APAGADO<\/li>\n<li><strong>KA  4 &#8211; 34.300: <\/strong> <span style=\"color: #3c78d8;\"><strong>ENCENDIDO<\/strong><\/span> \/ APAGADO<\/li>\n<li><strong>KA  5 &#8211; 34.700: <\/strong> ENCENDIDO \/ <span style=\"color: #3c78d8;\"><strong>APAGADO<\/strong><\/span><\/li>\n<li><strong>KA  6 &#8211; 35.000: <\/strong> ENCENDIDO \/ <span style=\"color: #3c78d8;\"><strong>APAGADO<\/strong><\/span><\/li>\n<li><strong>KA  7 &#8211; 35.260: <\/strong> ENCENDIDO \/ <span style=\"color: #3c78d8;\"><strong>APAGADO<\/strong><\/span><\/li>\n<li><strong>KA  8 &#8211; 35.550: <\/strong> ENCENDIDO \/ <span style=\"color: #3c78d8;\"><strong>APAGADO<\/strong><\/span><\/li>\n<li><strong>KA  9 &#8211; 35.715: <\/strong> ENCENDIDO \/ <span style=\"color: #3c78d8;\"><strong>APAGADO<\/strong><\/span><\/li>\n<li><strong>KA 10 &#8211; 35.915: <\/strong> ENCENDIDO \/ <span style=\"color: #3c78d8;\"><strong>APAGADO<\/strong><\/span><\/li>\n<\/ul>\n<li><strong>POP:<\/strong> ENCENDIDO \/ <span style=\"color: #3c78d8;\"><strong>APAGADO<\/strong><\/span><\/li>\n<li><strong>FILTRO ASISTENTE \u00c1NGULO MUERTO:<\/strong> <span style=\"color: #3c78d8;\"><strong>ENCENDIDO<\/strong><\/span> \/ APAGADO<\/li>\n<li><strong>FILTRO MEDICI\u00d3N FLUJO DE TR\u00c1FICO:<\/strong> <span style=\"color: #3c78d8;\"><strong>ENCENDIDO<\/strong><\/span> \/ APAGADO <\/li>\n<\/ul>\n<li><strong>HUSO HORARIO:<\/strong> <span style=\"color: #3c78d8;\"><strong> 12H<\/strong><\/span><\/li>\n<li><strong>ALERTA PUNTOS DE INTER\u00c9S:<\/strong> APAGADO \/ <span style=\"color: #3c78d8;\"><strong>ENCENDIDO<\/strong><\/span> \/ MODO USUARIO***<\/li>\n<ul style=\"list-style-type: square; list-style-position: inside; list-style-image: none; margin: 10px 0px;\">\n    11.1.<strong> ***MODO USUARIO ALERTA PUNTOS DE INTER\u00c9S<\/strong><\/p>\n<li><strong>CONTROL DE VELOCIDAD:<\/strong> <span style=\"color: #3c78d8;\"><strong>ENCENDIDO<\/strong><\/span> \/ APAGADO<\/li>\n<li><strong>RADARES DE SEM\u00c1FORO:<\/strong> <span style=\"color: #3c78d8;\"><strong>ENCENDIDO<\/strong><\/span> \/ APAGADO<\/li>\n<li><strong>ZONA DE PELIGRO FRECUENTES:<\/strong> <span style=\"color: #3c78d8;\"><strong>ENCENDIDO<\/strong><\/span> \/ APAGADO<\/li>\n<li><strong>RADARES DE TRAMO:<\/strong> <span style=\"color: #3c78d8;\"><strong>ENCENDIDO<\/strong><\/span> \/ APAGADO<\/li>\n<\/ul>\n<li><strong>ANTELACI\u00d3N DEL ALARMA:<\/strong> 200 \/ <span style=\"color: #3c78d8;\"><strong>300<\/strong><\/span> \/ 500 \/ 750 m<\/li>\n<li><strong>IDIOMA:<\/strong> <span style=\"color: #3c78d8;\"><strong> ENGLISH<\/strong><\/span> \/ DEUTSCH \/ FRAN\u00c7AIS \/ ESPA\u00d1OL <\/li>\n<li><strong>UNIDADES:<\/strong> <span style=\"color: #3c78d8;\"><strong> M\u00c9TRICO<\/strong><\/span> (kmh) \/ ENGLISH (mph)<\/li>\n<li><strong>CONFIGURACI\u00d3N INICIAL:<\/strong> Pulse el bot\u00f3n <span style=\"color: #3c78d8;\"><strong>(4)<\/strong> VOL &#8211;<\/span> durante 3 segundos para restaurar los configuraci\u00f3n inicial.<\/li>\n<li><strong>AJUSTE DE F\u00c1BRICA:<\/strong> Pulse el bot\u00f3n <span style=\"color: #3c78d8;\"><strong>(4)<\/strong> VOL &#8211;<\/span> durante 3 segundos para restablecer los datos de f\u00e1brica.<\/li>\n<li><strong>BORRAR TODAS LOS MARCADORES: <\/strong> Pulse el bot\u00f3n <span style=\"color: #3c78d8;\"><strong>(4)<\/strong> VOL &#8211;<\/span> durante 3 segundos para borrar todos los POI propios.<\/li>\n<li><strong>BORRAR TODAS LAS ALARMAS: <\/strong> Pulse el bot\u00f3n <span style=\"color: #3c78d8;\"><strong>(4)<\/strong> VOL &#8211;<\/span> durante 3 segundos para borrar todos los bloqueos de alarma.<\/li>\n<li><strong>CERRAR MEN\u00da:<\/strong> Pulse el bot\u00f3n <span style=\"color: #3c78d8;\"><strong>(3)<\/strong> VOL +<\/span> o el bot\u00f3n <span style=\"color: #3c78d8;\"><strong>(4)<\/strong> VOL &#8211;<\/span> para salir del men\u00fa y guardar la configuraci\u00f3n.<\/li>\n<\/ol>\n<p><\/br><\/p>\n<h3 id=\"anker-poi-datenbank\">4. BASE DE DATOS DE POI<\/h3>\n<p><strong id=\"anker-4-download\">DESCARGA<\/strong><\/p>\n<p>Base de datos actual de radares: <strong><a href=\"https:\/\/navty.com\/support\/update\/eu\/DB.BIN\">Radares fijos en Europa<\/a><\/strong> o <strong><a href=\"https:\/\/navty.com\/support\/update\/world\/DB.BIN\">Radares fijos en todo el mundo (incluyendo Europa)<\/a><\/strong><\/p>\n<p><strong>Aviso:<\/strong> Para recibir avisos por radares fijos, debe haberse instalado el <a href=\"#anker-p1r-firmware-addon\">add-on de firmware P1R<\/a>.<br \/>\n<\/br><\/p>\n<p><strong id=\"anker-4-update-der-datenbank\">ACTUALIZACI\u00d3N DE LA BASE DE DATOS<\/strong><\/p>\n<ol>\n<li>Descargue la base de datos de POI y c\u00f3piela a una memoria USB.<\/li>\n<li>Desconecte el P1 del suministro el\u00e9ctrico y conecte la memoria USB al Navty P1.<\/li>\n<li>Vuelva a conectar el Navty P1 al suministro el\u00e9ctrico. El P1 se iniciar\u00e1 y la actualizaci\u00f3n de la base de datos se instalar\u00e1 autom\u00e1ticamente.<\/li>\n<li>Tras la actualizaci\u00f3n exitosa (espere al mensaje en la pantalla), reinicie el P1.<\/li>\n<\/ol>\n<p><strong id=\"anker-4-datenbank-loeschen\">BORRAR BASE DE DATOS<\/strong><\/p>\n<p>Para asegurarse de que no se carga ninguna BASE DE DATOS DE POI, puede borrarla utilizando una combinaci\u00f3n de botones. Para ello, pulse a la vez los botones <span style=\"color: #3c78d8;\"><strong>(2)<\/strong> + <strong>(4)<\/strong><\/span> durante 3 segundos hasta que aparezca \u00abModo rendimiento\u00bb.<br \/>\n<\/br><br \/>\n<strong>Instrucciones de Navty P1<\/strong><br \/>\n<strong><a href=\"https:\/\/navty.com\/support\/P1-USER-MANUAL.pdf\">Descargar instrucciones en PDF<\/a><\/strong><br \/>\n<\/br><br \/>\n<\/br><\/p>\n<h3>\u00bfPreguntas? \u00a1Nuestro equipo de atenci\u00f3n al cliente le ayudar\u00e1 a resolverlas!<\/h3>\n<p><\/br><br \/>\n\n<div class=\"wpcf7 no-js\" id=\"wpcf7-f4520-o1\" lang=\"es-ES\" dir=\"ltr\" data-wpcf7-id=\"4520\">\n<div class=\"screen-reader-response\"><p role=\"status\" aria-live=\"polite\" aria-atomic=\"true\"><\/p> <ul><\/ul><\/div>\n<form action=\"\/es\/wp-json\/wp\/v2\/pages\/2740#wpcf7-f4520-o1\" method=\"post\" class=\"wpcf7-form init\" aria-label=\"Formulario de contacto\" novalidate=\"novalidate\" data-status=\"init\">\n<fieldset class=\"hidden-fields-container\"><input type=\"hidden\" name=\"_wpcf7\" value=\"4520\" \/><input type=\"hidden\" name=\"_wpcf7_version\" value=\"6.1.4\" \/><input type=\"hidden\" name=\"_wpcf7_locale\" value=\"es_ES\" \/><input type=\"hidden\" name=\"_wpcf7_unit_tag\" value=\"wpcf7-f4520-o1\" \/><input type=\"hidden\" name=\"_wpcf7_container_post\" value=\"0\" \/><input type=\"hidden\" name=\"_wpcf7_posted_data_hash\" value=\"\" \/>\n<\/fieldset>\n<p><label> Su nombre (obligatorio)<br \/>\n<span class=\"wpcf7-form-control-wrap\" data-name=\"your-name\"><input size=\"40\" maxlength=\"400\" class=\"wpcf7-form-control wpcf7-text wpcf7-validates-as-required\" aria-required=\"true\" aria-invalid=\"false\" value=\"\" type=\"text\" name=\"your-name\" \/><\/span> <\/label>\n<\/p>\n<p><label> Su correo electr\u00f3nico (requerido)<br \/>\n<span class=\"wpcf7-form-control-wrap\" data-name=\"your-email\"><input size=\"40\" maxlength=\"400\" class=\"wpcf7-form-control wpcf7-email wpcf7-validates-as-required wpcf7-text wpcf7-validates-as-email\" aria-required=\"true\" aria-invalid=\"false\" value=\"\" type=\"email\" name=\"your-email\" \/><\/span> <\/label>\n<\/p>\n<p><label> Fecha de compra \/ N\u00famero de serie<br \/>\n<span class=\"wpcf7-form-control-wrap\" data-name=\"your-subject\"><input size=\"40\" maxlength=\"400\" class=\"wpcf7-form-control wpcf7-text\" aria-invalid=\"false\" value=\"\" type=\"text\" name=\"your-subject\" \/><\/span> <\/label>\n<\/p>\n<p><label> Su pregunta (requerido)<br \/>\n<span class=\"wpcf7-form-control-wrap\" data-name=\"your-message\"><textarea cols=\"40\" rows=\"10\" maxlength=\"2000\" class=\"wpcf7-form-control wpcf7-textarea wpcf7-validates-as-required\" aria-required=\"true\" aria-invalid=\"false\" name=\"your-message\"><\/textarea><\/span><\/label>\n<\/p>\n<p><input class=\"wpcf7-form-control wpcf7-submit has-spinner\" type=\"submit\" value=\"Enviar\" \/>\n<\/p><p style=\"display: none !important;\" class=\"akismet-fields-container\" data-prefix=\"_wpcf7_ak_\"><label>&#916;<textarea name=\"_wpcf7_ak_hp_textarea\" cols=\"45\" rows=\"8\" maxlength=\"100\"><\/textarea><\/label><input type=\"hidden\" id=\"ak_js_1\" name=\"_wpcf7_ak_js\" value=\"242\"\/><script>document.getElementById( \"ak_js_1\" ).setAttribute( \"value\", ( new Date() ).getTime() );<\/script><\/p><div class=\"wpcf7-response-output\" aria-hidden=\"true\"><\/div>\n<\/form>\n<\/div>\n<\/p>\n","protected":false},"excerpt":{"rendered":"<p>INSTRUCCIONES DE NAVTY P1 1. INSTALACI\u00d3N EN EL VEH\u00cdCULO 1.1. Montaje 1.2. Avisos 2. MODO RENDIMIENTO 2.1. Descarga 2.2. Actualizaci\u00f3n de firmware 2.3. Manejo 2.4. Ajuste 2.5. Men\u00fa \/ Configuraci\u00f3n 3. ADD-ON DE FIRMWARE P1R 3.1. Descarga 3.2. Instalar add-on 3.3. Activar add-on 3.4. Borrar add-on 3.5. Manejo 3.6. Ajuste [&hellip;]<\/p>\n","protected":false},"author":2,"featured_media":0,"parent":0,"menu_order":0,"comment_status":"closed","ping_status":"closed","template":"","meta":{"footnotes":""},"class_list":["post-2740","page","type-page","status-publish","hentry"],"_links":{"self":[{"href":"https:\/\/navty.com\/es\/wp-json\/wp\/v2\/pages\/2740","targetHints":{"allow":["GET"]}}],"collection":[{"href":"https:\/\/navty.com\/es\/wp-json\/wp\/v2\/pages"}],"about":[{"href":"https:\/\/navty.com\/es\/wp-json\/wp\/v2\/types\/page"}],"author":[{"embeddable":true,"href":"https:\/\/navty.com\/es\/wp-json\/wp\/v2\/users\/2"}],"replies":[{"embeddable":true,"href":"https:\/\/navty.com\/es\/wp-json\/wp\/v2\/comments?post=2740"}],"version-history":[{"count":2,"href":"https:\/\/navty.com\/es\/wp-json\/wp\/v2\/pages\/2740\/revisions"}],"predecessor-version":[{"id":3879,"href":"https:\/\/navty.com\/es\/wp-json\/wp\/v2\/pages\/2740\/revisions\/3879"}],"wp:attachment":[{"href":"https:\/\/navty.com\/es\/wp-json\/wp\/v2\/media?parent=2740"}],"curies":[{"name":"wp","href":"https:\/\/api.w.org\/{rel}","templated":true}]}}