{"id":1435,"date":"2019-08-28T13:43:35","date_gmt":"2019-08-28T12:43:35","guid":{"rendered":"https:\/\/navty.com\/navty-p1r-addon-firmware\/"},"modified":"2021-11-02T16:47:57","modified_gmt":"2021-11-02T15:47:57","slug":"navty-p1-download","status":"publish","type":"page","link":"https:\/\/navty.com\/es\/navty-p1-download\/","title":{"rendered":"NAVTY P1 DESCARGAS"},"content":{"rendered":"<p>\ufeff<\/p>\n<h3>NAVTY P1 DESCARGAS<\/h3>\n<p><strong><a href=\"https:\/\/navty.com\/support\/NAVTYP1FWFR.zip\">DESCARGA DE FIRMWARE PARA NAVTY<\/a> <\/strong> &#8211; Firmware actual para el Navty P1 con modo rendimiento&#8230; <a href=\"https:\/\/navty.com\/es\/navty-p1-manual\/#anker-performance-mode\">M\u00e1s informaci\u00f3n, indicaciones de ajuste e instalaci\u00f3n para el firmware actual<\/a><\/p>\n<p><strong><a href=\"https:\/\/navty.com\/support\/addons\/NAVTYP1FWFR.zip\">DESCARGA DE ADD-ON P1R PARA NAVTY<\/a> <\/strong> &#8211; Add-on de firmware P1R actual para el Navty P1 para habilitar el reconocimiento de radares y l\u00e1seres en tiempo real&#8230; <a href=\"https:\/\/navty.com\/es\/navty-p1-manual\/#anker-p1r-firmware-addon\">M\u00e1s informaci\u00f3n, indicaciones de ajuste e instalaci\u00f3n para el P1R actual<\/a><\/p>\n<p><strong> <a href=\"https:\/\/navty.com\/support\/update\/eu\/DB.BIN\">DESCARGAR BASE DE DATOS NAVTY P1 POI EUROPA <\/a><\/strong> &#8211; Base de datos actual con todos los radares fijos en Europa (necesita el add-on de firmware P1R con el reconocimiento de radares y l\u00e1seres activado) &#8230; <a href=\"https:\/\/navty.com\/es\/navty-p1-manual\/#anker-poi-datenbank\">M\u00e1s informaci\u00f3n, indicaciones de ajuste e instalaci\u00f3n para la base de datos de POI<\/a><\/p>\n<p><strong> <a href=\"https:\/\/navty.com\/support\/update\/world\/DB.BIN\">DESCARGAR BASE DE DATOS NAVTY P1 POI EN TODO EL MUNDO<\/a><\/strong> &#8211; Base de datos actual con todas las c\u00e1maras de velocidad del mundo (necesita el add-on de firmware P1R con el reconocimiento de radares y l\u00e1seres activado) &#8230; <a href=\"https:\/\/navty.com\/es\/navty-p1-manual\/#anker-poi-datenbank\">M\u00e1s informaci\u00f3n, indicaciones de ajuste e instalaci\u00f3n para la base de datos de POI<\/a><br \/>\n<\/br><br \/>\n<\/br><\/p>\n<h3>\u00bfPreguntas? \u00a1Nuestro equipo de atenci\u00f3n al cliente le ayudar\u00e1 a resolverlas!<\/h3>\n\n<div class=\"wpcf7 no-js\" id=\"wpcf7-f4520-o1\" lang=\"es-ES\" dir=\"ltr\" data-wpcf7-id=\"4520\">\n<div class=\"screen-reader-response\"><p role=\"status\" aria-live=\"polite\" aria-atomic=\"true\"><\/p> <ul><\/ul><\/div>\n<form action=\"\/es\/wp-json\/wp\/v2\/pages\/1435#wpcf7-f4520-o1\" method=\"post\" class=\"wpcf7-form init\" aria-label=\"Formulario de contacto\" novalidate=\"novalidate\" data-status=\"init\">\n<fieldset class=\"hidden-fields-container\"><input type=\"hidden\" name=\"_wpcf7\" value=\"4520\" \/><input type=\"hidden\" name=\"_wpcf7_version\" value=\"6.1.4\" \/><input type=\"hidden\" name=\"_wpcf7_locale\" value=\"es_ES\" \/><input type=\"hidden\" name=\"_wpcf7_unit_tag\" value=\"wpcf7-f4520-o1\" \/><input type=\"hidden\" name=\"_wpcf7_container_post\" value=\"0\" \/><input type=\"hidden\" name=\"_wpcf7_posted_data_hash\" value=\"\" \/>\n<\/fieldset>\n<p><label> Su nombre (obligatorio)<br \/>\n<span class=\"wpcf7-form-control-wrap\" data-name=\"your-name\"><input size=\"40\" maxlength=\"400\" class=\"wpcf7-form-control wpcf7-text wpcf7-validates-as-required\" aria-required=\"true\" aria-invalid=\"false\" value=\"\" type=\"text\" name=\"your-name\" \/><\/span> <\/label>\n<\/p>\n<p><label> Su correo electr\u00f3nico (requerido)<br \/>\n<span class=\"wpcf7-form-control-wrap\" data-name=\"your-email\"><input size=\"40\" maxlength=\"400\" class=\"wpcf7-form-control wpcf7-email wpcf7-validates-as-required wpcf7-text wpcf7-validates-as-email\" aria-required=\"true\" aria-invalid=\"false\" value=\"\" type=\"email\" name=\"your-email\" \/><\/span> <\/label>\n<\/p>\n<p><label> Fecha de compra \/ N\u00famero de serie<br \/>\n<span class=\"wpcf7-form-control-wrap\" data-name=\"your-subject\"><input size=\"40\" maxlength=\"400\" class=\"wpcf7-form-control wpcf7-text\" aria-invalid=\"false\" value=\"\" type=\"text\" name=\"your-subject\" \/><\/span> <\/label>\n<\/p>\n<p><label> Su pregunta (requerido)<br \/>\n<span class=\"wpcf7-form-control-wrap\" data-name=\"your-message\"><textarea cols=\"40\" rows=\"10\" maxlength=\"2000\" class=\"wpcf7-form-control wpcf7-textarea wpcf7-validates-as-required\" aria-required=\"true\" aria-invalid=\"false\" name=\"your-message\"><\/textarea><\/span><\/label>\n<\/p>\n<p><input class=\"wpcf7-form-control wpcf7-submit has-spinner\" type=\"submit\" value=\"Enviar\" \/>\n<\/p><p style=\"display: none !important;\" class=\"akismet-fields-container\" data-prefix=\"_wpcf7_ak_\"><label>&#916;<textarea name=\"_wpcf7_ak_hp_textarea\" cols=\"45\" rows=\"8\" maxlength=\"100\"><\/textarea><\/label><input type=\"hidden\" id=\"ak_js_1\" name=\"_wpcf7_ak_js\" value=\"154\"\/><script>document.getElementById( \"ak_js_1\" ).setAttribute( \"value\", ( new Date() ).getTime() );<\/script><\/p><div class=\"wpcf7-response-output\" aria-hidden=\"true\"><\/div>\n<\/form>\n<\/div>\n\n","protected":false},"excerpt":{"rendered":"<p>\ufeff NAVTY P1 DESCARGAS DESCARGA DE FIRMWARE PARA NAVTY &#8211; Firmware actual para el Navty P1 con modo rendimiento&#8230; M\u00e1s informaci\u00f3n, indicaciones de ajuste e instalaci\u00f3n para el firmware actual DESCARGA DE ADD-ON P1R PARA NAVTY &#8211; Add-on de firmware P1R actual para el Navty P1 para habilitar el reconocimiento [&hellip;]<\/p>\n","protected":false},"author":2,"featured_media":0,"parent":0,"menu_order":0,"comment_status":"closed","ping_status":"closed","template":"","meta":{"footnotes":""},"class_list":["post-1435","page","type-page","status-publish","hentry"],"_links":{"self":[{"href":"https:\/\/navty.com\/es\/wp-json\/wp\/v2\/pages\/1435","targetHints":{"allow":["GET"]}}],"collection":[{"href":"https:\/\/navty.com\/es\/wp-json\/wp\/v2\/pages"}],"about":[{"href":"https:\/\/navty.com\/es\/wp-json\/wp\/v2\/types\/page"}],"author":[{"embeddable":true,"href":"https:\/\/navty.com\/es\/wp-json\/wp\/v2\/users\/2"}],"replies":[{"embeddable":true,"href":"https:\/\/navty.com\/es\/wp-json\/wp\/v2\/comments?post=1435"}],"version-history":[{"count":2,"href":"https:\/\/navty.com\/es\/wp-json\/wp\/v2\/pages\/1435\/revisions"}],"predecessor-version":[{"id":4800,"href":"https:\/\/navty.com\/es\/wp-json\/wp\/v2\/pages\/1435\/revisions\/4800"}],"wp:attachment":[{"href":"https:\/\/navty.com\/es\/wp-json\/wp\/v2\/media?parent=1435"}],"curies":[{"name":"wp","href":"https:\/\/api.w.org\/{rel}","templated":true}]}}