{"id":930,"date":"2018-07-18T13:32:17","date_gmt":"2018-07-18T12:32:17","guid":{"rendered":"https:\/\/navty.com\/?post_type=product&#038;p=930"},"modified":"2021-08-04T11:46:34","modified_gmt":"2021-08-04T10:46:34","slug":"navty-p1-lifetime-edition","status":"publish","type":"product","link":"https:\/\/navty.com\/de\/produkt\/navty-p1-lifetime-edition\/","title":{"rendered":"NAVTY P1 &#8211; Lifetime Edition"},"content":{"rendered":"<p><strong>NAVTY P1 \u2013 mehr Sicherheit, Freiheit und Fahrspass<\/strong><\/p>\n<p><img loading=\"lazy\" decoding=\"async\" src=\"https:\/\/navty.com\/wp-content\/uploads\/2020\/07\/navtyp1-car-1.png\" alt=\"navty p1 performance radarwarner \" width=\"1920\" height=\"1349\" class=\"alignnone size-full wp-image-3016\" srcset=\"https:\/\/navty.com\/wp-content\/uploads\/2020\/07\/navtyp1-car-1.png 1920w, https:\/\/navty.com\/wp-content\/uploads\/2020\/07\/navtyp1-car-1-600x422.png 600w, https:\/\/navty.com\/wp-content\/uploads\/2020\/07\/navtyp1-car-1-300x211.png 300w, https:\/\/navty.com\/wp-content\/uploads\/2020\/07\/navtyp1-car-1-1024x719.png 1024w, https:\/\/navty.com\/wp-content\/uploads\/2020\/07\/navtyp1-car-1-768x540.png 768w, https:\/\/navty.com\/wp-content\/uploads\/2020\/07\/navtyp1-car-1-1536x1079.png 1536w\" sizes=\"auto, (max-width: 1920px) 100vw, 1920px\" \/><\/p>\n<p><strong>Performance Messung<\/strong> &#8211; erhalten Sie per GPS exakte Messung Ihrer Geschwindigkeit und Fahrleistung. Die Beschleunigungsmessung (0-100 \/ 0-200 \/ 0-300 km\/h) erfolgt jederzeit und vollautomatisch. Die realen Messdaten erm\u00f6glichen Ihnen einen Vergleich Ihrer Fahrzeugdaten mit den Werksangaben oder mit anderen Fahrzeugen.<\/p>\n<p><img loading=\"lazy\" decoding=\"async\" src=\"https:\/\/navty.com\/wp-content\/uploads\/2018\/07\/NAVTY-P1-Tempolimit-50.jpg\" alt=\"NAVTY P1 Tempolimit Radarwarnung\" width=\"550\" height=\"367\" class=\"alignright wp-image-3031\" srcset=\"https:\/\/navty.com\/wp-content\/uploads\/2018\/07\/NAVTY-P1-Tempolimit-50.jpg 1920w, https:\/\/navty.com\/wp-content\/uploads\/2018\/07\/NAVTY-P1-Tempolimit-50-600x400.jpg 600w, https:\/\/navty.com\/wp-content\/uploads\/2018\/07\/NAVTY-P1-Tempolimit-50-300x200.jpg 300w, https:\/\/navty.com\/wp-content\/uploads\/2018\/07\/NAVTY-P1-Tempolimit-50-1024x683.jpg 1024w, https:\/\/navty.com\/wp-content\/uploads\/2018\/07\/NAVTY-P1-Tempolimit-50-768x512.jpg 768w, https:\/\/navty.com\/wp-content\/uploads\/2018\/07\/NAVTY-P1-Tempolimit-50-1536x1024.jpg 1536w, https:\/\/navty.com\/wp-content\/uploads\/2018\/07\/NAVTY-P1-Tempolimit-50-360x240.jpg 360w\" sizes=\"auto, (max-width: 550px) 100vw, 550px\" \/><\/p>\n<p><strong>POI Warnung und Echtzeit Verkehrs\u00fcberwachung<\/strong> &#8211; mit der kostenlosen P1R Firmware k\u00f6nnen weitere Funktionen wie Gefahrenstellen, POI Blitzer-Warnung, 3D Multaradar Technologie und Lasererkennung aktiviert werden.<\/p>\n<p><strong>Gefahrenstellen und Verkehrs\u00fcberwachung<\/strong> &#8211; unsere Datenbank informiert Sie europaweit vor Gefahrenstellen und Verkehrs\u00fcberwachungspunkten wie feste Radarfallen \/ Ampelblitzer \/ Section Control (Abschnittskontrollen). Zus\u00e4tzlich k\u00f6nnen Sie Ihre eigenen Gefahrenpunkte hinzuf\u00fcgen und verwalten.<\/p>\n<p><strong>Echtzeit Radar- und Lasererkennung<\/strong> &#8211; mit der P1R Firmware wird auch die Radar- und Laserwarnfunktion des NAVTY P1 aktiviert. Die neueste 3D Multaradar Technologie und 360\u00b0 Lasersensoren warnen zuverl\u00e4ssig vor Radarfallen. Der NAVTY P1 Radarwarner hat eines der besten Filtersysteme, die es erm\u00f6glichen Fehlalarme auf ein Minimum zu reduzieren. Im Vergleich zu anderen Referenzger\u00e4ten erreicht der NAVTY P1 Vorwarnzeiten, die bis zum 10-fachen \u00fcber dem aktuellen Multaradar-Standard liegen.<\/p>\n<p style=\"text-align: left;\"><img loading=\"lazy\" decoding=\"async\" src=\"https:\/\/navty.com\/wp-content\/uploads\/2018\/07\/NAVTY-P1-Gefahrenstelle-300x300.png\" alt=\"\" width=\"500\" height=\"499\" class=\"wp-image-3043 alignleft\" srcset=\"https:\/\/navty.com\/wp-content\/uploads\/2018\/07\/NAVTY-P1-Gefahrenstelle-300x300.png 300w, https:\/\/navty.com\/wp-content\/uploads\/2018\/07\/NAVTY-P1-Gefahrenstelle-230x230.png 230w, https:\/\/navty.com\/wp-content\/uploads\/2018\/07\/NAVTY-P1-Gefahrenstelle-160x160.png 160w, https:\/\/navty.com\/wp-content\/uploads\/2018\/07\/NAVTY-P1-Gefahrenstelle-600x599.png 600w, https:\/\/navty.com\/wp-content\/uploads\/2018\/07\/NAVTY-P1-Gefahrenstelle-1024x1024.png 1024w, https:\/\/navty.com\/wp-content\/uploads\/2018\/07\/NAVTY-P1-Gefahrenstelle-150x150.png 150w, https:\/\/navty.com\/wp-content\/uploads\/2018\/07\/NAVTY-P1-Gefahrenstelle-768x767.png 768w, https:\/\/navty.com\/wp-content\/uploads\/2018\/07\/NAVTY-P1-Gefahrenstelle-1536x1534.png 1536w, https:\/\/navty.com\/wp-content\/uploads\/2018\/07\/NAVTY-P1-Gefahrenstelle-460x460.png 460w, https:\/\/navty.com\/wp-content\/uploads\/2018\/07\/NAVTY-P1-Gefahrenstelle.png 1680w\" sizes=\"auto, (max-width: 500px) 100vw, 500px\" \/><\/p>\n<p><strong>Europaweit Legal<\/strong> &#8211; in einigen L\u00e4ndern ist die Warnung vor Verkehrs\u00fcberwachung nicht erlaubt. Damit sie europaweit sorgenfrei Ihren NAVTY zur Performance Messung nutzen d\u00fcrfen, k\u00f6nnen Sie die zus\u00e4tzliche P1R Firmware jederzeit mit einem einfachen Handgriff l\u00f6schen.<\/p>\n<p><strong>Updates<\/strong> &#8211; mit der NAVTY Lifetime Version erhalten Sie lebenslangen, kostenlosen Zugang zu allen Datenbank- und Firmware Aktualisierungen. Die Aktualisierung der Datenbank und Firmware wird per USB Stick vollautomatisch durchgef\u00fchrt und ist in wenigen Sekunden abgeschlossen.<strong>\u00a0<\/strong><\/p>\n<p><strong>Bedienung und Sprachansage<\/strong> &#8211; die Sprache f\u00fcr die Men\u00fceinstellungen und Sprachansagen ist in Deutsch, Englisch, Franz\u00f6sisch, Spanisch oder Italienisch w\u00e4hlbar.<\/p>\n<p><strong>NAVTY Zufriedenheits-Garantie<\/strong> &#8211; wir garantieren Ihnen, dass Sie Ihren P1 lieben werden! Daher gew\u00e4hren wir jedem P1 Kunden eine verl\u00e4ngerte Widerrufsfrist von 30 Tagen.<\/p>\n","protected":false},"excerpt":{"rendered":"<p><b>+ lebenslang kostenlose Updates<\/b><br \/>\n+ Beschleunigungsmesser \/ Performance Tracker (0-100 \/ 0-200 \/ 0-300 km\/h)<br \/>\n<span>+ Realtime Radar &amp; Laser &amp; Gefahrenstellen Warnung weltweit*<\/span><br \/>\n<span>(*aktivierbar via P1R Firmware)<\/span><\/p>\n<p><strong>Paketumfang \u2013 sofort einsatzbereit:<\/strong><br \/>\nNavty P1 Lifetime Edition<br \/>\nP1 Halterung f\u00fcr Windschutzscheibe<br \/>\n12V Stromkabel (1,5m gekordelt)<br \/>\nUSB Adapter<\/p>\n<p><b><strong>30 Tage kostenlos testen<\/strong><\/b><\/p>\n","protected":false},"featured_media":3107,"comment_status":"open","ping_status":"closed","template":"","meta":[],"product_brand":[],"product_cat":[50],"product_tag":[],"class_list":{"0":"post-930","1":"product","2":"type-product","3":"status-publish","4":"has-post-thumbnail","6":"product_cat-navty-de","8":"first","9":"instock","10":"taxable","11":"shipping-taxable","12":"purchasable","13":"product-type-simple"},"_links":{"self":[{"href":"https:\/\/navty.com\/de\/wp-json\/wp\/v2\/product\/930","targetHints":{"allow":["GET"]}}],"collection":[{"href":"https:\/\/navty.com\/de\/wp-json\/wp\/v2\/product"}],"about":[{"href":"https:\/\/navty.com\/de\/wp-json\/wp\/v2\/types\/product"}],"replies":[{"embeddable":true,"href":"https:\/\/navty.com\/de\/wp-json\/wp\/v2\/comments?post=930"}],"wp:featuredmedia":[{"embeddable":true,"href":"https:\/\/navty.com\/de\/wp-json\/wp\/v2\/media\/3107"}],"wp:attachment":[{"href":"https:\/\/navty.com\/de\/wp-json\/wp\/v2\/media?parent=930"}],"wp:term":[{"taxonomy":"product_brand","embeddable":true,"href":"https:\/\/navty.com\/de\/wp-json\/wp\/v2\/product_brand?post=930"},{"taxonomy":"product_cat","embeddable":true,"href":"https:\/\/navty.com\/de\/wp-json\/wp\/v2\/product_cat?post=930"},{"taxonomy":"product_tag","embeddable":true,"href":"https:\/\/navty.com\/de\/wp-json\/wp\/v2\/product_tag?post=930"}],"curies":[{"name":"wp","href":"https:\/\/api.w.org\/{rel}","templated":true}]}}