{"id":4742,"date":"2021-01-23T11:51:16","date_gmt":"2021-01-23T10:51:16","guid":{"rendered":"https:\/\/navty.com\/product\/navty-p1-motorrad-edition\/"},"modified":"2021-08-04T12:59:11","modified_gmt":"2021-08-04T11:59:11","slug":"navty-p1-motorrad-edition","status":"publish","type":"product","link":"https:\/\/navty.com\/de\/produkt\/navty-p1-motorrad-edition\/","title":{"rendered":"NAVTY P1 Motorrad Edition"},"content":{"rendered":"<p><strong>NAVTY P1 \u2013 mehr Sicherheit, Freiheit und Fahrspass<\/strong><\/p>\n<p><img loading=\"lazy\" decoding=\"async\" src=\"https:\/\/navty.com\/wp-content\/uploads\/2020\/07\/navtyp1-car-1.png\" alt=\"\" width=\"1920\" height=\"1349\" class=\"alignnone size-full wp-image-3016\" srcset=\"https:\/\/navty.com\/wp-content\/uploads\/2020\/07\/navtyp1-car-1.png 1920w, https:\/\/navty.com\/wp-content\/uploads\/2020\/07\/navtyp1-car-1-600x422.png 600w, https:\/\/navty.com\/wp-content\/uploads\/2020\/07\/navtyp1-car-1-300x211.png 300w, https:\/\/navty.com\/wp-content\/uploads\/2020\/07\/navtyp1-car-1-1024x719.png 1024w, https:\/\/navty.com\/wp-content\/uploads\/2020\/07\/navtyp1-car-1-768x540.png 768w, https:\/\/navty.com\/wp-content\/uploads\/2020\/07\/navtyp1-car-1-1536x1079.png 1536w\" sizes=\"auto, (max-width: 1920px) 100vw, 1920px\" \/><\/p>\n<h3 style=\"text-align: center;\">\/\/\/\/ 0 &#8211; 100 km\/h &#8211; 2.9s<\/h3>\n<p><strong>Performance Messung<\/strong> &#8211; erhalten Sie per GPS exakte Messung Ihrer Geschwindigkeit und Fahrleistung. Die Beschleunigungsmessung (0-100 \/ 0-200 \/ 0-300 km\/h) erfolgt jederzeit und vollautomatisch. Die realen Messdaten erm\u00f6glichen Ihnen einen Vergleich Ihrer Fahrzeugdaten mit den Werksangaben oder mit anderen Fahrzeugen.<\/p>\n<h3>Mehr Schutz. Weniger Unfallrisiko. Fahrerlaubnis und Bu\u00dfgeldpr\u00e4vention.<\/h3>\n<p><img loading=\"lazy\" decoding=\"async\" src=\"https:\/\/navty.com\/wp-content\/uploads\/2017\/05\/NAVTY-section-control.png\" alt=\"NAVTY section control warnung\" width=\"550\" height=\"824\" class=\"alignleft wp-image-3053\" srcset=\"https:\/\/navty.com\/wp-content\/uploads\/2017\/05\/NAVTY-section-control.png 3895w, https:\/\/navty.com\/wp-content\/uploads\/2017\/05\/NAVTY-section-control-600x899.png 600w, https:\/\/navty.com\/wp-content\/uploads\/2017\/05\/NAVTY-section-control-200x300.png 200w, https:\/\/navty.com\/wp-content\/uploads\/2017\/05\/NAVTY-section-control-684x1024.png 684w, https:\/\/navty.com\/wp-content\/uploads\/2017\/05\/NAVTY-section-control-768x1150.png 768w, https:\/\/navty.com\/wp-content\/uploads\/2017\/05\/NAVTY-section-control-1025x1536.png 1025w, https:\/\/navty.com\/wp-content\/uploads\/2017\/05\/NAVTY-section-control-1367x2048.png 1367w\" sizes=\"auto, (max-width: 550px) 100vw, 550px\" \/><\/p>\n<p><strong>Sch\u00fctzen Sie Ihren F\u00fchrerschein und sparen Sie bis zu 90% Bu\u00dfgelder. <\/strong>\u00a0&#8211; mit der kostenlosen P1R Firmware k\u00f6nnen Funktionen wie Gefahrenstellen, POI Blitzer-Warnung, 3D Multaradar Technologie und Lasererkennung aktiviert werden.<\/p>\n<p><strong>Gefahrenstellen und Verkehrs\u00fcberwachung<\/strong> &#8211; unsere Datenbank informiert Sie europaweit vor Gefahrenstellen und Verkehrs\u00fcberwachung wie feste Radarfallen \/ Ampelblitzer \/ Section Control (Streckenabschnittskontrollen). Zus\u00e4tzlich k\u00f6nnen Sie Ihre eigenen Gefahrenpunkte hinzuf\u00fcgen und verwalten.<\/p>\n<h4>High Performance f\u00fcr mehr Sicherheit<\/h4>\n<p><strong>Echtzeit 3D Performance Radar- und Laserwarnung<\/strong> &#8211; mit der kostenlosen P1R Firmware wird auch die Radar- und Laserwarner Funktion des NAVTY P1 aktiviert. Die neueste 3D Multaradar Technologie und 360\u00b0 Lasersensoren warnen zuverl\u00e4ssig damit auch vor mobilen Radarfallen bzw. Tempomessungen per Laser. <span>(segmentierbares K Band, segmentierbares KA Band, X Band, Multaradar CD, Multaradar CT, Gatso RT3, Gatso RT4 und Laser).<\/span><\/p>\n<p><strong>Anf\u00e4ngermodus<\/strong> &#8211; Sie wissen nicht, wie man einen Radarwarner benutzt? Mit unseren empfohlenen Einstellungen k\u00f6nnen Sie Ihr P1 innerhalb von Sekunden nach dem Kopieren der P1R-Firmware per USB-Stick in Betrieb nehmen.<\/p>\n<p><strong>PRO-Funktionen<\/strong> &#8211; F\u00fcr Experten und Enthusiasten bietet das P1 auch eine exakte Bandfrequenzmessung, aber auch eine Anzeige mehrerer gleichzeitiger Radarmessungen sowie die Auswahl und feinere Segmentierung der einzelnen Radarb\u00e4nder f\u00fcr eine optimierte Leistung.<\/p>\n<p><strong>Klassenbeste intelligente deep Filter Technologie &#8211;<\/strong> Der NAVTY P1 Radarwarner hat neben der gr\u00f6\u00dften Radarantenne seiner Klasse eines der besten Filtersysteme an Bord, die es erm\u00f6glichen Fehlalarme auf ein Minimum zu reduzieren. Im Vergleich zu anderen Referenzger\u00e4ten erreicht der NAVTY P1 Vorwarnzeiten, die bis zum 10-fachen \u00fcber dem aktuellen Multaradar-Standard liegen. Testen Sie es selbst.<\/p>\n<p><img loading=\"lazy\" decoding=\"async\" src=\"https:\/\/navty.com\/wp-content\/uploads\/2018\/07\/NAVTY-P1-Gefahrenstelle.png\" alt=\"NAVTY P1 Gefahrenstelle POIWarnung\" width=\"480\" height=\"479\" class=\"alignright wp-image-3043\" srcset=\"https:\/\/navty.com\/wp-content\/uploads\/2018\/07\/NAVTY-P1-Gefahrenstelle.png 1680w, https:\/\/navty.com\/wp-content\/uploads\/2018\/07\/NAVTY-P1-Gefahrenstelle-230x230.png 230w, https:\/\/navty.com\/wp-content\/uploads\/2018\/07\/NAVTY-P1-Gefahrenstelle-160x160.png 160w, https:\/\/navty.com\/wp-content\/uploads\/2018\/07\/NAVTY-P1-Gefahrenstelle-600x599.png 600w, https:\/\/navty.com\/wp-content\/uploads\/2018\/07\/NAVTY-P1-Gefahrenstelle-300x300.png 300w, https:\/\/navty.com\/wp-content\/uploads\/2018\/07\/NAVTY-P1-Gefahrenstelle-1024x1024.png 1024w, https:\/\/navty.com\/wp-content\/uploads\/2018\/07\/NAVTY-P1-Gefahrenstelle-150x150.png 150w, https:\/\/navty.com\/wp-content\/uploads\/2018\/07\/NAVTY-P1-Gefahrenstelle-768x767.png 768w, https:\/\/navty.com\/wp-content\/uploads\/2018\/07\/NAVTY-P1-Gefahrenstelle-1536x1534.png 1536w, https:\/\/navty.com\/wp-content\/uploads\/2018\/07\/NAVTY-P1-Gefahrenstelle-460x460.png 460w\" sizes=\"auto, (max-width: 480px) 100vw, 480px\" \/><\/p>\n<h4>RDD Stealth.<\/h4>\n<p><strong>Europaweit Legal<\/strong> &#8211; in einigen L\u00e4ndern ist die Warnung vor Verkehrs\u00fcberwachung nicht erlaubt. Damit sie europaweit sorgenfrei Ihren NAVTY zur Performance Messung nutzen d\u00fcrfen, k\u00f6nnen Sie die zus\u00e4tzliche P1R Firmware jederzeit mit einem einfachen Handgriff l\u00f6schen. Dar\u00fcber hinaus ist der P1 RDD sicher und damit auch elektronisch per RDD also mittels Radarwarner Ortungssystemen nicht ortbar.<\/p>\n<h4>Zukunftssicher<\/h4>\n<p><strong>Lifetime Updates inklusive\u00a0<\/strong> &#8211; mit der NAVTY Motorrad Version erhalten Sie lebenslangen, kostenlosen Zugang zu allen unseren Datenbank- und Firmware Aktualisierungen. Die Aktualisierung der Datenbank und Firmware wird per USB Stick vollautomatisch durchgef\u00fchrt und ist in wenigen Sekunden abgeschlossen.<\/p>\n<p><strong>Intuitive Bedienung und Sprachansage<\/strong> &#8211; die Sprache f\u00fcr die Men\u00fceinstellungen und Sprachansagen ist in Deutsch, Englisch, Franz\u00f6sisch, Spanisch oder Italienisch w\u00e4hlbar.<\/p>\n<h4><strong>NAVTY<\/strong> Zufriedenheits-Garantie<\/h4>\n<p><strong>30 Tage kostenlos testen<\/strong> &#8211; wir garantieren Ihnen, dass Sie Ihren P1 lieben werden! Daher gew\u00e4hren wir jedem P1 Kunden eine verl\u00e4ngerte Widerrufsfrist von 30 Tagen.<\/p>\n<p><img loading=\"lazy\" decoding=\"async\" src=\"https:\/\/navty.com\/wp-content\/uploads\/2017\/05\/NAVTY-P1-Bentley-scaled.jpg\" alt=\"NAVTY P1 radar detector Bentley\" width=\"2560\" height=\"1691\" class=\"alignnone size-full wp-image-3027\" srcset=\"https:\/\/navty.com\/wp-content\/uploads\/2017\/05\/NAVTY-P1-Bentley-scaled.jpg 2560w, https:\/\/navty.com\/wp-content\/uploads\/2017\/05\/NAVTY-P1-Bentley-600x396.jpg 600w, https:\/\/navty.com\/wp-content\/uploads\/2017\/05\/NAVTY-P1-Bentley-300x198.jpg 300w, https:\/\/navty.com\/wp-content\/uploads\/2017\/05\/NAVTY-P1-Bentley-1024x677.jpg 1024w, https:\/\/navty.com\/wp-content\/uploads\/2017\/05\/NAVTY-P1-Bentley-768x507.jpg 768w, https:\/\/navty.com\/wp-content\/uploads\/2017\/05\/NAVTY-P1-Bentley-1536x1015.jpg 1536w, https:\/\/navty.com\/wp-content\/uploads\/2017\/05\/NAVTY-P1-Bentley-2048x1353.jpg 2048w\" sizes=\"auto, (max-width: 2560px) 100vw, 2560px\" \/><\/p>\n","protected":false},"excerpt":{"rendered":"<p><b>+ lebenslang kostenlose Updates<\/b><br \/>\n+ Beschleunigungsmesser \/ Performance Tracker (0-100 \/ 0-200 \/ 0-300 km\/h)<br \/>\n+ Echtzeit Radar &amp; Laser + Gefahrenstellen Warnung weltweit*<br \/>\n(*aktivierbar via P1R Firmware)<\/p>\n<p><strong>Paketumfang &#8211; sofort einsatzbereit:<\/strong><br \/>\nNavty P1 Motorrad Edition<br \/>\nP1 Halterung f\u00fcr Windschutzscheibe<br \/>\n12V Stromkabel (1,5m gekordelt)<br \/>\nUSB Adapter<\/p>\n<p><b><strong>30 Tage kostenlos testen<\/strong><\/b><\/p>\n","protected":false},"featured_media":3112,"comment_status":"open","ping_status":"closed","template":"","meta":[],"product_brand":[],"product_cat":[50],"product_tag":[],"class_list":{"0":"post-4742","1":"product","2":"type-product","3":"status-publish","4":"has-post-thumbnail","6":"product_cat-navty-de","8":"first","9":"instock","10":"taxable","11":"shipping-taxable","12":"purchasable","13":"product-type-simple"},"_links":{"self":[{"href":"https:\/\/navty.com\/de\/wp-json\/wp\/v2\/product\/4742","targetHints":{"allow":["GET"]}}],"collection":[{"href":"https:\/\/navty.com\/de\/wp-json\/wp\/v2\/product"}],"about":[{"href":"https:\/\/navty.com\/de\/wp-json\/wp\/v2\/types\/product"}],"replies":[{"embeddable":true,"href":"https:\/\/navty.com\/de\/wp-json\/wp\/v2\/comments?post=4742"}],"wp:featuredmedia":[{"embeddable":true,"href":"https:\/\/navty.com\/de\/wp-json\/wp\/v2\/media\/3112"}],"wp:attachment":[{"href":"https:\/\/navty.com\/de\/wp-json\/wp\/v2\/media?parent=4742"}],"wp:term":[{"taxonomy":"product_brand","embeddable":true,"href":"https:\/\/navty.com\/de\/wp-json\/wp\/v2\/product_brand?post=4742"},{"taxonomy":"product_cat","embeddable":true,"href":"https:\/\/navty.com\/de\/wp-json\/wp\/v2\/product_cat?post=4742"},{"taxonomy":"product_tag","embeddable":true,"href":"https:\/\/navty.com\/de\/wp-json\/wp\/v2\/product_tag?post=4742"}],"curies":[{"name":"wp","href":"https:\/\/api.w.org\/{rel}","templated":true}]}}