{"id":4382,"date":"2021-07-20T13:12:07","date_gmt":"2021-07-20T12:12:07","guid":{"rendered":"https:\/\/navty.com\/partners\/"},"modified":"2021-07-20T13:12:48","modified_gmt":"2021-07-20T12:12:48","slug":"partners","status":"publish","type":"page","link":"https:\/\/navty.com\/de\/partners\/","title":{"rendered":"Partners"},"content":{"rendered":"<h3>Willkommen als NAVTY Partner<\/h3>\n<p>Wenn Sie dem NAVTY Partnerprogramm beitreten, schlie\u00dfen Sie sich einem Partner-\u00d6kosystem an, das gemeinsam die Performance- und Sicherheitstransformation auf der ganzen Welt Wirklichkeit werden l\u00e4sst.<\/p>\n<p><strong>Das NAVTY Partnerprogramm<\/strong> untermauert das branchenweit robusteste Portfolio von mobilen Fahrassistenz Systemen Einfach. Sicher. Profitabel.<\/p>\n","protected":false},"excerpt":{"rendered":"<p>Willkommen als NAVTY Partner Wenn Sie dem NAVTY Partnerprogramm beitreten, schlie\u00dfen Sie sich einem Partner-\u00d6kosystem an, das gemeinsam die Performance- und Sicherheitstransformation auf der ganzen Welt Wirklichkeit werden l\u00e4sst. Das NAVTY Partnerprogramm untermauert das branchenweit robusteste Portfolio von mobilen Fahrassistenz Systemen Einfach. Sicher. Profitabel.<\/p>\n","protected":false},"author":1,"featured_media":0,"parent":0,"menu_order":0,"comment_status":"closed","ping_status":"closed","template":"","meta":{"footnotes":""},"class_list":["post-4382","page","type-page","status-publish","hentry"],"_links":{"self":[{"href":"https:\/\/navty.com\/de\/wp-json\/wp\/v2\/pages\/4382","targetHints":{"allow":["GET"]}}],"collection":[{"href":"https:\/\/navty.com\/de\/wp-json\/wp\/v2\/pages"}],"about":[{"href":"https:\/\/navty.com\/de\/wp-json\/wp\/v2\/types\/page"}],"author":[{"embeddable":true,"href":"https:\/\/navty.com\/de\/wp-json\/wp\/v2\/users\/1"}],"replies":[{"embeddable":true,"href":"https:\/\/navty.com\/de\/wp-json\/wp\/v2\/comments?post=4382"}],"version-history":[{"count":1,"href":"https:\/\/navty.com\/de\/wp-json\/wp\/v2\/pages\/4382\/revisions"}],"predecessor-version":[{"id":4383,"href":"https:\/\/navty.com\/de\/wp-json\/wp\/v2\/pages\/4382\/revisions\/4383"}],"wp:attachment":[{"href":"https:\/\/navty.com\/de\/wp-json\/wp\/v2\/media?parent=4382"}],"curies":[{"name":"wp","href":"https:\/\/api.w.org\/{rel}","templated":true}]}}