{"id":1040,"date":"2019-03-06T11:39:45","date_gmt":"2019-03-06T10:39:45","guid":{"rendered":"https:\/\/navty.com\/impressum\/"},"modified":"2019-08-23T13:19:30","modified_gmt":"2019-08-23T12:19:30","slug":"impressum","status":"publish","type":"page","link":"https:\/\/navty.com\/de\/impressum\/","title":{"rendered":"Impressum"},"content":{"rendered":"<p>IMPRESSUM<\/p>\n<p>Verantwortlich f\u00fcr den Inhalt<br \/>\n(Diensteanbieter nach \u00a7 5 TMG)<\/p>\n<p>Navty GmbH<br \/>\nAm Stadtwald 7<br \/>\n19205 Gadebusch<br \/>\nDeutschland<\/p>\n<p>Telefon: 03886-7299798<br \/>\nE-Mail: impressum@navty.com<br \/>\nInternet: https:\/\/navty.com<\/p>\n<p>Navty GmbH wird vertreten durch: Nico Reuter<\/p>\n<p>Registergericht: Amtsgericht Schwerin<br \/>\nHandelsregister Registernummer: HRB13139<\/p>\n<p>Umsatzsteuer-Identifikationsnummer gem\u00e4\u00df \u00a7 27a Umsatzsteuergesetz (UStG): DE321562182<\/p>\n<p>&nbsp;<\/p>\n<p><strong>Haftung f\u00fcr Inhalte<\/strong><br \/>\nAls Diensteanbieter sind wir gem\u00e4\u00df \u00a7 7 Abs.1 TMG f\u00fcr eigene Inhalte auf diesen Seiten nach den allgemeinen Gesetzen verantwortlich. Nach \u00a7\u00a7 8 bis 10 TMG sind wir als Diensteanbieter jedoch nicht verpflichtet, \u00fcbermittelte oder gespeicherte fremde Informationen zu \u00fcberwachen oder nach Umst\u00e4nden zu forschen, die auf eine rechtswidrige T\u00e4tigkeit hinweisen.<\/p>\n<p>Verpflichtungen zur Entfernung oder Sperrung der Nutzung von Informationen nach den allgemeinen Gesetzen bleiben hiervon unber\u00fchrt. Eine diesbez\u00fcgliche Haftung ist jedoch erst ab dem Zeitpunkt der Kenntnis einer konkreten Rechtsverletzung m\u00f6glich. Bei Bekanntwerden von entsprechenden Rechtsverletzungen werden wir diese Inhalte umgehend entfernen.<\/p>\n<p>&nbsp;<\/p>\n<p><strong>Haftung f\u00fcr Links<\/strong><br \/>\nUnser Angebot enth\u00e4lt Links zu externen Websites Dritter, auf deren Inhalte wir keinen Einfluss haben. Deshalb k\u00f6nnen wir f\u00fcr diese fremden Inhalte auch keine Gew\u00e4hr \u00fcbernehmen. F\u00fcr die Inhalte der verlinkten Seiten ist stets der jeweilige Anbieter oder Betreiber der Seiten verantwortlich. Die verlinkten Seiten wurden zum Zeitpunkt der Verlinkung auf m\u00f6gliche Rechtsverst\u00f6\u00dfe \u00fcberpr\u00fcft. Rechtswidrige Inhalte waren zum Zeitpunkt der Verlinkung nicht erkennbar.<\/p>\n<p>Eine permanente inhaltliche Kontrolle der verlinkten Seiten ist jedoch ohne konkrete Anhaltspunkte einer Rechtsverletzung nicht zumutbar. Bei Bekanntwerden von Rechtsverletzungen werden wir derartige Links umgehend entfernen.<\/p>\n<p>&nbsp;<\/p>\n<p><strong>Urheberrecht<\/strong><br \/>\nDie durch die Seitenbetreiber erstellten Inhalte und Werke auf diesen Seiten unterliegen dem deutschen Urheberrecht. Die Vervielf\u00e4ltigung, Bearbeitung, Verbreitung und jede Art der Verwertung au\u00dferhalb der Grenzen des Urheberrechtes bed\u00fcrfen der schriftlichen Zustimmung des jeweiligen Autors bzw. Erstellers. Downloads und Kopien dieser Seite sind nur f\u00fcr den privaten, nicht kommerziellen Gebrauch gestattet.<\/p>\n<p>Soweit die Inhalte auf dieser Seite nicht vom Betreiber erstellt wurden, werden die Urheberrechte Dritter beachtet. Insbesondere werden Inhalte Dritter als solche gekennzeichnet. Sollten Sie trotzdem auf eine Urheberrechtsverletzung aufmerksam werden, bitten wir um einen entsprechenden Hinweis. Bei Bekanntwerden von Rechtsverletzungen werden wir derartige Inhalte umgehend entfernen.<\/p>\n<p>&nbsp;<\/p>\n<p><strong>Copyright<\/strong><br \/>\nS\u00e4mtliche auf dieser Webseite ver\u00f6ffentlichten Inhalte, Bilder, Werke und bereitgestellten Informationen unterliegen dem deutschen Urheberrecht und Leistungsschutzrecht. Jede Art der Vervielf\u00e4ltigung, Bearbeitung, Verbreitung, Einspeicherung und jede Art der Verwertung au\u00dferhalb der Grenzen des Urheberrechts bedarf der vorherigen schriftlichen Zustimmung der Navty GmbH. Das unerlaubte Kopieren\/Speichern der auf dieser Webseite bereitgestellten Informationen ist nicht gestattet und strafbar.<br \/>\n<strong><\/strong><\/p>\n<p>&nbsp;<\/p>\n<p><strong>Information zur Online-Streitbeilegung<\/strong><br \/>\nDie EU-Kommission stellt eine Plattform f\u00fcr au\u00dfergerichtliche Streitschlichtung bereit. Verbrauchern gibt dies die M\u00f6glichkeit, Streitigkeiten im Zusammenhang mit ihrer Online-Bestellung zun\u00e4chst au\u00dfergerichtlich zu kl\u00e4ren. Die Streitbeilegungs-Plattform finden Sie hier: <a href=\"https:\/\/www.ec.europa.eu\/consumers\/odr\" rel=\"noopener noreferrer\" target=\"_blank\">www.ec.europa.eu\/consumers\/odr<\/a><br \/>\nUnsere E-Mail f\u00fcr Verbraucherbeschwerden lautet: verbraucherbeschwerden@navty.com<br \/>\nWir sind zur Teilnahme an einem Schlichtungsverfahren nicht verpflichtet und k\u00f6nnen die Teilnahme an einem solchen Verfahren leider auch nicht anbieten.<\/p>\n<p>&nbsp;<\/p>\n","protected":false},"excerpt":{"rendered":"<p>IMPRESSUM Verantwortlich f\u00fcr den Inhalt (Diensteanbieter nach \u00a7 5 TMG) Navty GmbH Am Stadtwald 7 19205 Gadebusch Deutschland Telefon: 03886-7299798 E-Mail: impressum@navty.com Internet: https:\/\/navty.com Navty GmbH wird vertreten durch: Nico Reuter Registergericht: Amtsgericht Schwerin Handelsregister Registernummer: HRB13139 Umsatzsteuer-Identifikationsnummer gem\u00e4\u00df \u00a7 27a Umsatzsteuergesetz (UStG): DE321562182 &nbsp; Haftung f\u00fcr Inhalte Als Diensteanbieter [&hellip;]<\/p>\n","protected":false},"author":2,"featured_media":0,"parent":0,"menu_order":0,"comment_status":"closed","ping_status":"closed","template":"","meta":{"footnotes":""},"class_list":["post-1040","page","type-page","status-publish","hentry"],"_links":{"self":[{"href":"https:\/\/navty.com\/de\/wp-json\/wp\/v2\/pages\/1040","targetHints":{"allow":["GET"]}}],"collection":[{"href":"https:\/\/navty.com\/de\/wp-json\/wp\/v2\/pages"}],"about":[{"href":"https:\/\/navty.com\/de\/wp-json\/wp\/v2\/types\/page"}],"author":[{"embeddable":true,"href":"https:\/\/navty.com\/de\/wp-json\/wp\/v2\/users\/2"}],"replies":[{"embeddable":true,"href":"https:\/\/navty.com\/de\/wp-json\/wp\/v2\/comments?post=1040"}],"version-history":[{"count":0,"href":"https:\/\/navty.com\/de\/wp-json\/wp\/v2\/pages\/1040\/revisions"}],"wp:attachment":[{"href":"https:\/\/navty.com\/de\/wp-json\/wp\/v2\/media?parent=1040"}],"curies":[{"name":"wp","href":"https:\/\/api.w.org\/{rel}","templated":true}]}}